{"id":955,"date":"2020-11-06T19:23:52","date_gmt":"2020-11-06T18:23:52","guid":{"rendered":"http:\/\/nas-fmg.myds.me\/wordpress\/?page_id=955"},"modified":"2020-11-17T17:38:58","modified_gmt":"2020-11-17T16:38:58","slug":"introduccion","status":"publish","type":"page","link":"http:\/\/nas-fmg.myds.me\/wordpress\/","title":{"rendered":"Introducci\u00f3n a la asignatura"},"content":{"rendered":"\n<p><strong>El profesorado como un agente de calidad en el Sistema Educativo:<\/strong>&nbsp; <\/p>\n\n\n\n<ul><li>Es un modelo para los alumnos y ayuda a formar personas.<\/li><li>Logra que los alumnos aprendan conocimientos y habilidades.<\/li><li>Potencia la adquisici\u00f3n de actitudes y valores<\/li><\/ul>\n\n\n\n<p>SE NECESITAN A LOS MEJORES CON VOCACI\u00d3N Y COMPROMISO \u00c9TICO<\/p>\n\n\n\n<figure class=\"wp-block-image size-large\"><img decoding=\"async\" loading=\"lazy\" width=\"980\" height=\"700\" src=\"http:\/\/nas-fmg.myds.me\/wordpress\/wp-content\/uploads\/2020\/11\/Emilio-Lledo-1.jpg\" alt=\"\" class=\"wp-image-1079\" srcset=\"http:\/\/nas-fmg.myds.me\/wordpress\/wp-content\/uploads\/2020\/11\/Emilio-Lledo-1.jpg 980w, http:\/\/nas-fmg.myds.me\/wordpress\/wp-content\/uploads\/2020\/11\/Emilio-Lledo-1-300x214.jpg 300w, http:\/\/nas-fmg.myds.me\/wordpress\/wp-content\/uploads\/2020\/11\/Emilio-Lledo-1-768x549.jpg 768w\" sizes=\"(max-width: 980px) 100vw, 980px\" \/><figcaption> <strong>Emilio Lled\u00f3 \u00cd\u00f1igo<\/strong>&nbsp;(<a href=\"https:\/\/es.wikipedia.org\/wiki\/Sevilla\">Sevilla<\/a>,&nbsp;<a href=\"https:\/\/es.wikipedia.org\/wiki\/5_de_noviembre\">5 de noviembre<\/a>&nbsp;de&nbsp;<a href=\"https:\/\/es.wikipedia.org\/wiki\/1927\">1927<\/a>) es un&nbsp;<a href=\"https:\/\/es.wikipedia.org\/wiki\/Fil%C3%B3sofo\">fil\u00f3sofo<\/a>&nbsp;espa\u00f1ol formado en Alemania, que ha sido profesor en las universidades de&nbsp;<a href=\"https:\/\/es.wikipedia.org\/wiki\/Universidad_de_Heidelberg\">Heidelberg<\/a>,&nbsp;<a href=\"https:\/\/es.wikipedia.org\/wiki\/Universidad_de_La_Laguna\">La Laguna<\/a>,&nbsp;<a href=\"https:\/\/es.wikipedia.org\/wiki\/Universidad_de_Barcelona\">Barcelona<\/a>&nbsp;y Madrid (<a href=\"https:\/\/es.wikipedia.org\/wiki\/UNED_(Espa%C3%B1a)\">UNED<\/a>). Es miembro desde 1994 de la&nbsp;<a href=\"https:\/\/es.wikipedia.org\/wiki\/Real_Academia_Espa%C3%B1ola\">Real Academia Espa\u00f1ola<\/a>, en la que ocupa el&nbsp;<a href=\"https:\/\/es.wikipedia.org\/wiki\/Anexo:Miembros_de_la_Real_Academia_Espa%C3%B1ola\">sill\u00f3n &#8220;ele&#8221; min\u00fascula<\/a>. <\/figcaption><\/figure>\n\n\n\n<figure class=\"wp-block-embed-youtube wp-block-embed is-type-video is-provider-youtube wp-embed-aspect-4-3 wp-has-aspect-ratio\"><div class=\"wp-block-embed__wrapper\">\n<div class=\"fitvids-video\"><iframe loading=\"lazy\" title=\"Pienso, Luego Existo \u00bb Emilio Lled\u00f3\" width=\"800\" height=\"600\" src=\"https:\/\/www.youtube.com\/embed\/j2wPAX1t-Ek?feature=oembed\" frameborder=\"0\" allow=\"accelerometer; autoplay; clipboard-write; encrypted-media; gyroscope; picture-in-picture\" allowfullscreen><\/iframe><\/div>\n<\/div><\/figure>\n\n\n\n<p>El profesor debe saber<\/p>\n\n\n\n<p>Conocimientos T\u00e9cnicos-Pedag\u00f3gicos:<\/p>\n\n\n\n<ul><li> Aprendizaje y ense\u00f1anza<\/li><li>Comunicaci\u00f3n<\/li><li>Procedimientos<\/li><li>Metodolog\u00eda<\/li><li>Evaluaci\u00f3n<\/li><li>Conocimiento reflexivo<\/li><\/ul>\n\n\n\n<p>Variables Personales:<\/p>\n\n\n\n<ul><li>Compresi\u00f3n<\/li><li>Empat\u00eda<\/li><li>Compromiso \u00e9tico<\/li><li>Inter\u00e9s<\/li><\/ul>\n\n\n\n<figure class=\"wp-block-embed-youtube wp-block-embed is-type-video is-provider-youtube wp-embed-aspect-16-9 wp-has-aspect-ratio\"><div class=\"wp-block-embed__wrapper\">\n<div class=\"fitvids-video\"><iframe loading=\"lazy\" title=\"Every kid needs a champion | Rita Pierson\" width=\"800\" height=\"450\" src=\"https:\/\/www.youtube.com\/embed\/SFnMTHhKdkw?feature=oembed\" frameborder=\"0\" allow=\"accelerometer; autoplay; clipboard-write; encrypted-media; gyroscope; picture-in-picture\" allowfullscreen><\/iframe><\/div>\n<\/div><figcaption> <strong>Rita Pierson<\/strong>&nbsp;fue una profesora con cuarenta a\u00f1os de experiencia en la docencia en diferentes tipos de escuelas. Llev\u00f3 a cabo y coordin\u00f3 programas para fortalecer el compromiso de la comunidad en la escuela y comit\u00e9s de crisis para la puesta en marcha de programas de ayuda para alumnos en dificultades. <\/figcaption><\/figure>\n\n\n\n<figure class=\"wp-block-embed-youtube wp-block-embed is-type-video is-provider-youtube wp-embed-aspect-16-9 wp-has-aspect-ratio\"><div class=\"wp-block-embed__wrapper\">\n<div class=\"fitvids-video\"><iframe loading=\"lazy\" title=\"Los nuevos retos de la educaci\u00f3n | C\u00e9sar Bona | TEDxBarcelona\" width=\"800\" height=\"450\" src=\"https:\/\/www.youtube.com\/embed\/LcNWYNp2MSw?feature=oembed\" frameborder=\"0\" allow=\"accelerometer; autoplay; clipboard-write; encrypted-media; gyroscope; picture-in-picture\" allowfullscreen><\/iframe><\/div>\n<\/div><figcaption>\u00bfA ti qu\u00e9 te gusta hacer? <\/figcaption><\/figure>\n","protected":false},"excerpt":{"rendered":"<p>El profesorado como un agente de calidad en el Sistema Educativo:&nbsp; Es un modelo para los alumnos y ayuda a<\/p>\n","protected":false},"author":3,"featured_media":0,"parent":0,"menu_order":1,"comment_status":"closed","ping_status":"closed","template":"","meta":[],"_links":{"self":[{"href":"http:\/\/nas-fmg.myds.me\/wordpress\/wp-json\/wp\/v2\/pages\/955"}],"collection":[{"href":"http:\/\/nas-fmg.myds.me\/wordpress\/wp-json\/wp\/v2\/pages"}],"about":[{"href":"http:\/\/nas-fmg.myds.me\/wordpress\/wp-json\/wp\/v2\/types\/page"}],"author":[{"embeddable":true,"href":"http:\/\/nas-fmg.myds.me\/wordpress\/wp-json\/wp\/v2\/users\/3"}],"replies":[{"embeddable":true,"href":"http:\/\/nas-fmg.myds.me\/wordpress\/wp-json\/wp\/v2\/comments?post=955"}],"version-history":[{"count":12,"href":"http:\/\/nas-fmg.myds.me\/wordpress\/wp-json\/wp\/v2\/pages\/955\/revisions"}],"predecessor-version":[{"id":1113,"href":"http:\/\/nas-fmg.myds.me\/wordpress\/wp-json\/wp\/v2\/pages\/955\/revisions\/1113"}],"wp:attachment":[{"href":"http:\/\/nas-fmg.myds.me\/wordpress\/wp-json\/wp\/v2\/media?parent=955"}],"curies":[{"name":"wp","href":"https:\/\/api.w.org\/{rel}","templated":true}]}}