{"id":953,"date":"2020-11-06T19:19:57","date_gmt":"2020-11-06T18:19:57","guid":{"rendered":"http:\/\/nas-fmg.myds.me\/wordpress\/?page_id=953"},"modified":"2021-01-17T14:45:25","modified_gmt":"2021-01-17T13:45:25","slug":"bibliografia","status":"publish","type":"page","link":"http:\/\/nas-fmg.myds.me\/wordpress\/bibliografia\/","title":{"rendered":"Aprendizaje de Procesos y Contextos"},"content":{"rendered":"\n<p>Aqu\u00ed estoy, esta es la \u00faltima entrada que hare del portfolio y me gustar\u00eda aprovecharla para hacer un repaso de todo lo que he aprendido. <\/p>\n\n\n\n<p>Primero de todo he aprendido que el aprendizaje depende de uno mismo, estamos en un master y la responsabilidad de nuestro aprendizaje ha reca\u00eddo en nosotros, adem\u00e1s el profesor ha utilizado una metodolog\u00eda de ense\u00f1anza basada en el aprendizaje por proyectos, que a m\u00ed, individualmente, me ha funcionado muy bien para aprender todo lo que el profesor quer\u00eda que aprendi\u00e9ramos. <\/p>\n\n\n\n<p>Empezamos con las leyes de educaci\u00f3n, que me abrieron la mente hacia la evoluci\u00f3n hist\u00f3rica de la educaci\u00f3n hasta el d\u00eda de hoy y me ayudaron a eliminar mitos de mi cabeza y tener m\u00e1s cultura sobre un tema que estaba muy candente en aquellos d\u00edas, nada m\u00e1s ni nada menos que la tramitaci\u00f3n de una nueva ley org\u00e1nica,  la LOMLOE. Gracias a el contenido y aprendizaje que adquir\u00ed en esta asignatura pude conocer la realidad o por lo menos tener una opini\u00f3n bien fundamentada, ello me ayudo a no caer el las fake news y bulos que el sector de la ultraderecha y la derecha intentaban verter en la sociedad. <\/p>\n\n\n\n<p>Continuamos haciendo un repaso del sistema educativo espa\u00f1ol, realizamos un diagnostico de la LOMCE y comprend\u00ed que esta ley no funcionaba y que de calidad educativa nada de nada, adem\u00e1s me quede sorprendido cuando me entere de la cantidad de fracasos y abandonos escolares que ten\u00eda el sistema educativo espa\u00f1ol.<\/p>\n\n\n\n<p>En el segundo proyecto que llevamos a cabo conoc\u00ed los diferentes \u00f3rganos y documentos que todo docente debe conocer para saber como actuar en un instituto de secundaria. En este proyecto me lleve una desilusi\u00f3n enorme con las presentaciones de mis compa\u00f1eros, quiz\u00e1s fue el momento an\u00edmico m\u00e1s bajo de todo el master, puesto que todos decidieron utilizar el mismo soporte, Kahoot, para presentar el proyecto, algo que bajo mi punto de vista no respond\u00eda a razones de eficiencia para cumplir los objetivos del trabajo, sino que respond\u00eda m\u00e1s bien a un intento de usar lo que ya sab\u00edan e intentar economizar su tiempo, adem\u00e1s, iluso de mi solo me le\u00ed la mitad de los documentos para el proyecto pensando que me iba a enterar de la otra mitad en la presentaci\u00f3n de los proyectos, sin embargo, esto no fue as\u00ed, no me entere de nada de lo que no me hab\u00eda le\u00eddo y termine la clase contrariado, pensaba&#8230; que hago yo aqu\u00ed, en este master, perdiendo el tiempo cuando podr\u00eda estar en Sierra Nevada esquiando&#8230; ese mismo d\u00eda por la noche me puse a leer lo que me quedaba de los documentos y se me paso el enfado. concluyo este p\u00e1rrafo diciendo que gracias a mi esfuerzo consegu\u00ed aprender lo que ten\u00eda que aprender y que la presentaci\u00f3n de nuestro grupo fue la mejor de todas ya que utilizamos una herramienta alternativa que nadie conoc\u00eda y que es muy \u00fatil a la hora de usarla cuando seamos docentes.<\/p>\n\n\n\n<p>Llegamos ya al \u00faltimo proyecto que realizamos, las medidas de atenci\u00f3n a la diversidad, el proyecto consist\u00eda en realizar un programaci\u00f3n de aula en la que se vieran reflejadas las l\u00edneas de actuaci\u00f3n del PAT y la medidas de adaptaci\u00f3n incluidas en el PAD, es verdad que nos costo enfocar el trabajo pero finalmente lo superamos con nota, adem\u00e1s que aprend\u00ed todo lo que ten\u00eda que aprender, como que el sistema educativo debe de garantizar que todos los estudiantes puedan desarrollar el curricular oficial y que todos los alumnos necesitan alg\u00fan tipo de adaptaci\u00f3n para poder cumplir con el objetivo de ofrecer una educaci\u00f3n equitativa para todos los estudiantes. <\/p>\n\n\n\n<p>Antes de terminar me gustar\u00eda exponer mi gran satisfacci\u00f3n al haber aprendido tanto en esta signatura, creo que muchas veces el aprendizaje queda en un segundo plano, pero yo, en procesos y contextos he aprendido mucho, incluso he aprendido a crear y editar una p\u00e1gina web usando una plantilla de wordpress, estoy contento y satisfecho con esta asignatura y con el profesor que, pese a que un d\u00eda no asistiera a clase por ir al dentista, siempre ha estado dispuesto a ayudar y a ense\u00f1ar, por lo que solo puedo darte las gracias Miguel y decirte que para m\u00ed eres un referente.<\/p>\n\n\n\n<p>Por \u00faltimo me gustar\u00eda agradecer el esfuerzo que mis compa\u00f1eros de grupo han realizado, sin vosotros hubiera sido imposible aprender tanto, vuestro trabajo incansable ha hecho posible que haya progresado individualmente y considero que hemos formado un grupo cohesionado y que ha sabido adaptarse a la perfecci\u00f3n ante los proyectos que hemos realizado a lo largo del curso. Muchas gracias.  <\/p>\n","protected":false},"excerpt":{"rendered":"<p>Aqu\u00ed estoy, esta es la \u00faltima entrada que hare del portfolio y me gustar\u00eda aprovecharla para hacer un repaso de<\/p>\n","protected":false},"author":3,"featured_media":0,"parent":0,"menu_order":3,"comment_status":"closed","ping_status":"closed","template":"","meta":[],"_links":{"self":[{"href":"http:\/\/nas-fmg.myds.me\/wordpress\/wp-json\/wp\/v2\/pages\/953"}],"collection":[{"href":"http:\/\/nas-fmg.myds.me\/wordpress\/wp-json\/wp\/v2\/pages"}],"about":[{"href":"http:\/\/nas-fmg.myds.me\/wordpress\/wp-json\/wp\/v2\/types\/page"}],"author":[{"embeddable":true,"href":"http:\/\/nas-fmg.myds.me\/wordpress\/wp-json\/wp\/v2\/users\/3"}],"replies":[{"embeddable":true,"href":"http:\/\/nas-fmg.myds.me\/wordpress\/wp-json\/wp\/v2\/comments?post=953"}],"version-history":[{"count":3,"href":"http:\/\/nas-fmg.myds.me\/wordpress\/wp-json\/wp\/v2\/pages\/953\/revisions"}],"predecessor-version":[{"id":1392,"href":"http:\/\/nas-fmg.myds.me\/wordpress\/wp-json\/wp\/v2\/pages\/953\/revisions\/1392"}],"wp:attachment":[{"href":"http:\/\/nas-fmg.myds.me\/wordpress\/wp-json\/wp\/v2\/media?parent=953"}],"curies":[{"name":"wp","href":"https:\/\/api.w.org\/{rel}","templated":true}]}}