{"id":1335,"date":"2020-11-27T01:53:37","date_gmt":"2020-11-27T00:53:37","guid":{"rendered":"http:\/\/nas-fmg.myds.me\/wordpress\/?page_id=1335"},"modified":"2020-11-27T02:15:13","modified_gmt":"2020-11-27T01:15:13","slug":"tutoria","status":"publish","type":"page","link":"http:\/\/nas-fmg.myds.me\/wordpress\/tutoria\/","title":{"rendered":"Tutor\u00eda"},"content":{"rendered":"\n<p>La tutor\u00eda forma parte de la funci\u00f3n docente, de ah\u00ed que cada grupo de alumnos tenga un profesor que imparta diversas \u00e1reas del curr\u00edculo. Su designaci\u00f3n ser\u00e1 efectuada por el director a propuesta del jefe de estudios, de acuerdo con los criterios establecidos por el claustro. En este sentido, Los tutores y tutoras ejercer\u00e1n la direcci\u00f3n y la orientaci\u00f3n del aprendizaje del alumnado y el apoyo en su proceso educativo en colaboraci\u00f3n con las familias. El nombramiento del profesorado que ejerza la tutor\u00eda se efectuar\u00e1 para un curso acad\u00e9mico. <\/p>\n\n\n\n<figure class=\"wp-block-embed-youtube wp-block-embed is-type-video is-provider-youtube wp-embed-aspect-16-9 wp-has-aspect-ratio\"><div class=\"wp-block-embed__wrapper\">\n<div class=\"fitvids-video\"><iframe loading=\"lazy\" title=\"La tutor\u00eda en la escuela: La funci\u00f3n tutorial en la escuela\" width=\"800\" height=\"450\" src=\"https:\/\/www.youtube.com\/embed\/HJ_RcjNDqIw?feature=oembed\" frameborder=\"0\" allow=\"accelerometer; autoplay; clipboard-write; encrypted-media; gyroscope; picture-in-picture\" allowfullscreen><\/iframe><\/div>\n<\/div><figcaption>Reflexi\u00f3n sobre la tutor\u00eda en la escuela<\/figcaption><\/figure>\n\n\n\n<figure class=\"wp-block-embed-youtube wp-block-embed is-type-video is-provider-youtube wp-embed-aspect-4-3 wp-has-aspect-ratio\"><div class=\"wp-block-embed__wrapper\">\n<div class=\"fitvids-video\"><iframe loading=\"lazy\" title=\"La tutor\u00eda en la escuela: La figura del tutor (Tutorial)\" width=\"800\" height=\"600\" src=\"https:\/\/www.youtube.com\/embed\/GegWwcTgFgI?feature=oembed\" frameborder=\"0\" allow=\"accelerometer; autoplay; clipboard-write; encrypted-media; gyroscope; picture-in-picture\" allowfullscreen><\/iframe><\/div>\n<\/div><figcaption>La figura del Tutor versi\u00f3n extendida<\/figcaption><\/figure>\n","protected":false},"excerpt":{"rendered":"<p>La tutor\u00eda forma parte de la funci\u00f3n docente, de ah\u00ed que cada grupo de alumnos tenga un profesor que imparta<\/p>\n","protected":false},"author":3,"featured_media":0,"parent":0,"menu_order":0,"comment_status":"closed","ping_status":"closed","template":"","meta":[],"_links":{"self":[{"href":"http:\/\/nas-fmg.myds.me\/wordpress\/wp-json\/wp\/v2\/pages\/1335"}],"collection":[{"href":"http:\/\/nas-fmg.myds.me\/wordpress\/wp-json\/wp\/v2\/pages"}],"about":[{"href":"http:\/\/nas-fmg.myds.me\/wordpress\/wp-json\/wp\/v2\/types\/page"}],"author":[{"embeddable":true,"href":"http:\/\/nas-fmg.myds.me\/wordpress\/wp-json\/wp\/v2\/users\/3"}],"replies":[{"embeddable":true,"href":"http:\/\/nas-fmg.myds.me\/wordpress\/wp-json\/wp\/v2\/comments?post=1335"}],"version-history":[{"count":2,"href":"http:\/\/nas-fmg.myds.me\/wordpress\/wp-json\/wp\/v2\/pages\/1335\/revisions"}],"predecessor-version":[{"id":1345,"href":"http:\/\/nas-fmg.myds.me\/wordpress\/wp-json\/wp\/v2\/pages\/1335\/revisions\/1345"}],"wp:attachment":[{"href":"http:\/\/nas-fmg.myds.me\/wordpress\/wp-json\/wp\/v2\/media?parent=1335"}],"curies":[{"name":"wp","href":"https:\/\/api.w.org\/{rel}","templated":true}]}}