{"id":1333,"date":"2020-11-27T01:53:26","date_gmt":"2020-11-27T00:53:26","guid":{"rendered":"http:\/\/nas-fmg.myds.me\/wordpress\/?page_id=1333"},"modified":"2021-11-30T20:39:45","modified_gmt":"2021-11-30T19:39:45","slug":"comision-de-coordinacion-pedagogica","status":"publish","type":"page","link":"http:\/\/nas-fmg.myds.me\/wordpress\/comision-de-coordinacion-pedagogica\/","title":{"rendered":"Comisi\u00f3n de coordinaci\u00f3n pedag\u00f3gica"},"content":{"rendered":"\n<p><strong>E<\/strong>s un \u00f3rgano fundamental en la vida del Centro. Coordina de forma habitual y permanente la labores docentes del profesorado, de los ciclos, de los tutores y especialistas, de las actividades lectivas:\u00a0 docentes, complementarias, extraescolares&#8230; Coordina todos los trabajos acad\u00e9micos y la actividad lectiva del Centro.<\/p>\n\n\n\n<p>La Comisi\u00f3n se re\u00fane mensualmente y su&nbsp;<strong>composici\u00f3n<\/strong>&nbsp;es la siguiente:<\/p>\n\n\n\n<ul><li>Presidente: Director.<\/li><li>Jefe de estudios.<\/li><li>Coordinadores de los Ciclos y de las TIC\u00b4s<\/li><li>Orientador.<\/li><li>Profesor de Pedagog\u00eda Terap\u00e9utica.<\/li><\/ul>\n\n\n\n<p>Dentro de la Comisi\u00f3n de Coordinaci\u00f3n Pedag\u00f3gica puede ser formada, como subcomisi\u00f3n,&nbsp;<strong>la Unidad de Apoyo Educativo<\/strong>,&nbsp; constituida por el Orientador del Centro, Logopeda y Profesorado de Pedagog\u00eda Terap\u00e9utica y Jefe de Estudios. Tambi\u00e9n pueden participar otros profesionales no docentes como los cuidadores o auxiliares de h\u00e1bitos de autonom\u00eda personal.<\/p>\n\n\n\n<p><strong>Funciones y competencias de la Comisi\u00f3n de Coordinaci\u00f3n Pedag\u00f3gica:<\/strong><\/p>\n\n\n\n<ul><li>Establecer las directrices generales para elaborar y revisar los Proyectos curriculares de etapa, as\u00ed como dirigirlos y coordinarlos.<\/li><li>Asegurar la coherencia entre el Proyecto Educativo del Centro, los Proyectos curriculares y la Programaci\u00f3n General Anual, as\u00ed como proponer al Claustro su evaluaci\u00f3n, aprobaci\u00f3n y modificaciones.<\/li><li>Velar por el cumplimiento de los Proyectos curriculares en la pr\u00e1ctica docente, as\u00ed como su evaluaci\u00f3n.<\/li><li>Proponer al claustro la planificaci\u00f3n de las sesiones de evaluaci\u00f3n y calificaci\u00f3n.<\/li><li>Elaborar la organizaci\u00f3n de la orientaci\u00f3n educativa y del Plan de Acci\u00f3n Tutorial.<\/li><li>Elaborar propuestas de criterios y procedimientos para las adaptaciones curriculares y planes sobre la&nbsp; diversidad del alumnado.<\/li><li>Proponer al Claustro el Plan de formaci\u00f3n del profesorado.<\/li><li>Elevar al Consejo Escolar informes sobre el propio funcionamiento, en la memoria final.<\/li><\/ul>\n\n\n\n<p><a href=\"http:\/\/www.educa.madrid.org\/web\/cp.victorias.villarejo\/ccp.htm\">http:\/\/www.educa.madrid.org\/web\/cp.victorias.villarejo\/ccp.htm<\/a><\/p>\n","protected":false},"excerpt":{"rendered":"<p>Es un \u00f3rgano fundamental en la vida del Centro. Coordina de forma habitual y permanente la labores docentes del profesorado,<\/p>\n","protected":false},"author":3,"featured_media":0,"parent":0,"menu_order":0,"comment_status":"closed","ping_status":"closed","template":"","meta":[],"_links":{"self":[{"href":"http:\/\/nas-fmg.myds.me\/wordpress\/wp-json\/wp\/v2\/pages\/1333"}],"collection":[{"href":"http:\/\/nas-fmg.myds.me\/wordpress\/wp-json\/wp\/v2\/pages"}],"about":[{"href":"http:\/\/nas-fmg.myds.me\/wordpress\/wp-json\/wp\/v2\/types\/page"}],"author":[{"embeddable":true,"href":"http:\/\/nas-fmg.myds.me\/wordpress\/wp-json\/wp\/v2\/users\/3"}],"replies":[{"embeddable":true,"href":"http:\/\/nas-fmg.myds.me\/wordpress\/wp-json\/wp\/v2\/comments?post=1333"}],"version-history":[{"count":2,"href":"http:\/\/nas-fmg.myds.me\/wordpress\/wp-json\/wp\/v2\/pages\/1333\/revisions"}],"predecessor-version":[{"id":1343,"href":"http:\/\/nas-fmg.myds.me\/wordpress\/wp-json\/wp\/v2\/pages\/1333\/revisions\/1343"}],"wp:attachment":[{"href":"http:\/\/nas-fmg.myds.me\/wordpress\/wp-json\/wp\/v2\/media?parent=1333"}],"curies":[{"name":"wp","href":"https:\/\/api.w.org\/{rel}","templated":true}]}}