{"id":1331,"date":"2020-11-27T01:53:05","date_gmt":"2020-11-27T00:53:05","guid":{"rendered":"http:\/\/nas-fmg.myds.me\/wordpress\/?page_id=1331"},"modified":"2020-11-27T02:34:26","modified_gmt":"2020-11-27T01:34:26","slug":"departamento-de-actividades-complementarias-y-extraescolares","status":"publish","type":"page","link":"http:\/\/nas-fmg.myds.me\/wordpress\/departamento-de-actividades-complementarias-y-extraescolares\/","title":{"rendered":"Departamento de actividades complementarias y extraescolares"},"content":{"rendered":"\n<p>El departamento de actividades complementarias y extraescolares promover\u00e1, coordinar\u00e1 y organizar\u00e1 la realizaci\u00f3n de estas actividades en colaboraci\u00f3n con los departamentos de coordinaci\u00f3n did\u00e1ctica. Dicha tarea suele ser desarrollada por la Vicedirecci\u00f3n del centro escolar. <\/p>\n","protected":false},"excerpt":{"rendered":"<p>El departamento de actividades complementarias y extraescolares promover\u00e1, coordinar\u00e1 y organizar\u00e1 la realizaci\u00f3n de estas actividades en colaboraci\u00f3n con los<\/p>\n","protected":false},"author":3,"featured_media":0,"parent":0,"menu_order":0,"comment_status":"closed","ping_status":"closed","template":"","meta":[],"_links":{"self":[{"href":"http:\/\/nas-fmg.myds.me\/wordpress\/wp-json\/wp\/v2\/pages\/1331"}],"collection":[{"href":"http:\/\/nas-fmg.myds.me\/wordpress\/wp-json\/wp\/v2\/pages"}],"about":[{"href":"http:\/\/nas-fmg.myds.me\/wordpress\/wp-json\/wp\/v2\/types\/page"}],"author":[{"embeddable":true,"href":"http:\/\/nas-fmg.myds.me\/wordpress\/wp-json\/wp\/v2\/users\/3"}],"replies":[{"embeddable":true,"href":"http:\/\/nas-fmg.myds.me\/wordpress\/wp-json\/wp\/v2\/comments?post=1331"}],"version-history":[{"count":2,"href":"http:\/\/nas-fmg.myds.me\/wordpress\/wp-json\/wp\/v2\/pages\/1331\/revisions"}],"predecessor-version":[{"id":1350,"href":"http:\/\/nas-fmg.myds.me\/wordpress\/wp-json\/wp\/v2\/pages\/1331\/revisions\/1350"}],"wp:attachment":[{"href":"http:\/\/nas-fmg.myds.me\/wordpress\/wp-json\/wp\/v2\/media?parent=1331"}],"curies":[{"name":"wp","href":"https:\/\/api.w.org\/{rel}","templated":true}]}}