{"id":1322,"date":"2020-11-27T01:50:58","date_gmt":"2020-11-27T00:50:58","guid":{"rendered":"http:\/\/nas-fmg.myds.me\/wordpress\/?page_id=1322"},"modified":"2020-11-27T01:50:59","modified_gmt":"2020-11-27T00:50:59","slug":"organos-de-coordinacion-docente","status":"publish","type":"page","link":"http:\/\/nas-fmg.myds.me\/wordpress\/organos-de-coordinacion-docente\/","title":{"rendered":"\u00d3rganos de coordinaci\u00f3n docente"},"content":{"rendered":"\n<p> Corresponde a las Administraciones educativas regular el funcionamiento de los \u00f3rganos de coordinaci\u00f3n docente y de orientaci\u00f3n y potenciar los equipos de profesores que impartan clase en el mismo curso, as\u00ed como la colaboraci\u00f3n y el trabajo en equipo de los profesores que impartan clase a un mismo grupo de alumnos. En los institutos de educaci\u00f3n secundaria existir\u00e1n lossiguientes \u00f3rganos de coordinaci\u00f3n docente:<\/p>\n\n\n\n<ul><li> Equipo docente. <\/li><li> Departamento de orientaci\u00f3n. <\/li><li>Departamento de coordinaci\u00f3n did\u00e1ctica. <\/li><li> Departamento de actividades complementarias y extraescolares. <\/li><li>Comisi\u00f3n de coordinaci\u00f3n pedag\u00f3gica. <\/li><li> Tutor\u00eda. <\/li><\/ul>\n","protected":false},"excerpt":{"rendered":"<p>Corresponde a las Administraciones educativas regular el funcionamiento de los \u00f3rganos de coordinaci\u00f3n docente y de orientaci\u00f3n y potenciar los<\/p>\n","protected":false},"author":3,"featured_media":0,"parent":0,"menu_order":0,"comment_status":"closed","ping_status":"closed","template":"","meta":[],"_links":{"self":[{"href":"http:\/\/nas-fmg.myds.me\/wordpress\/wp-json\/wp\/v2\/pages\/1322"}],"collection":[{"href":"http:\/\/nas-fmg.myds.me\/wordpress\/wp-json\/wp\/v2\/pages"}],"about":[{"href":"http:\/\/nas-fmg.myds.me\/wordpress\/wp-json\/wp\/v2\/types\/page"}],"author":[{"embeddable":true,"href":"http:\/\/nas-fmg.myds.me\/wordpress\/wp-json\/wp\/v2\/users\/3"}],"replies":[{"embeddable":true,"href":"http:\/\/nas-fmg.myds.me\/wordpress\/wp-json\/wp\/v2\/comments?post=1322"}],"version-history":[{"count":1,"href":"http:\/\/nas-fmg.myds.me\/wordpress\/wp-json\/wp\/v2\/pages\/1322\/revisions"}],"predecessor-version":[{"id":1323,"href":"http:\/\/nas-fmg.myds.me\/wordpress\/wp-json\/wp\/v2\/pages\/1322\/revisions\/1323"}],"wp:attachment":[{"href":"http:\/\/nas-fmg.myds.me\/wordpress\/wp-json\/wp\/v2\/media?parent=1322"}],"curies":[{"name":"wp","href":"https:\/\/api.w.org\/{rel}","templated":true}]}}