{"id":1318,"date":"2020-11-27T01:05:48","date_gmt":"2020-11-27T00:05:48","guid":{"rendered":"http:\/\/nas-fmg.myds.me\/wordpress\/?page_id=1318"},"modified":"2020-11-27T01:13:44","modified_gmt":"2020-11-27T00:13:44","slug":"el-equipo-directivo","status":"publish","type":"page","link":"http:\/\/nas-fmg.myds.me\/wordpress\/el-equipo-directivo\/","title":{"rendered":"El equipo directivo"},"content":{"rendered":"\n<p>El equipo directivo, es el \u00f3rgano ejecutivo de gobierno de los centros p\u00fablicos, estar\u00e1 integrado por el director, el jefe de estudios, el secretario y cuantos determinen las administraciones educativas. <\/p>\n\n\n\n<figure class=\"wp-block-embed-youtube wp-block-embed is-type-video is-provider-youtube wp-embed-aspect-16-9 wp-has-aspect-ratio\"><div class=\"wp-block-embed__wrapper\">\n<div class=\"fitvids-video\"><iframe loading=\"lazy\" title=\"4 minutos: El equipo directivo\" width=\"800\" height=\"450\" src=\"https:\/\/www.youtube.com\/embed\/qxqLUTbs1WQ?feature=oembed\" frameborder=\"0\" allow=\"accelerometer; autoplay; clipboard-write; encrypted-media; gyroscope; picture-in-picture\" allowfullscreen><\/iframe><\/div>\n<\/div><figcaption>En este divertido video un equipo directivo real nos cuenta que papel desempe\u00f1a cada uno <\/figcaption><\/figure>\n","protected":false},"excerpt":{"rendered":"<p>El equipo directivo, es el \u00f3rgano ejecutivo de gobierno de los centros p\u00fablicos, estar\u00e1 integrado por el director, el jefe<\/p>\n","protected":false},"author":3,"featured_media":0,"parent":0,"menu_order":0,"comment_status":"closed","ping_status":"closed","template":"","meta":[],"_links":{"self":[{"href":"http:\/\/nas-fmg.myds.me\/wordpress\/wp-json\/wp\/v2\/pages\/1318"}],"collection":[{"href":"http:\/\/nas-fmg.myds.me\/wordpress\/wp-json\/wp\/v2\/pages"}],"about":[{"href":"http:\/\/nas-fmg.myds.me\/wordpress\/wp-json\/wp\/v2\/types\/page"}],"author":[{"embeddable":true,"href":"http:\/\/nas-fmg.myds.me\/wordpress\/wp-json\/wp\/v2\/users\/3"}],"replies":[{"embeddable":true,"href":"http:\/\/nas-fmg.myds.me\/wordpress\/wp-json\/wp\/v2\/comments?post=1318"}],"version-history":[{"count":2,"href":"http:\/\/nas-fmg.myds.me\/wordpress\/wp-json\/wp\/v2\/pages\/1318\/revisions"}],"predecessor-version":[{"id":1321,"href":"http:\/\/nas-fmg.myds.me\/wordpress\/wp-json\/wp\/v2\/pages\/1318\/revisions\/1321"}],"wp:attachment":[{"href":"http:\/\/nas-fmg.myds.me\/wordpress\/wp-json\/wp\/v2\/media?parent=1318"}],"curies":[{"name":"wp","href":"https:\/\/api.w.org\/{rel}","templated":true}]}}