{"id":1308,"date":"2020-11-27T00:29:19","date_gmt":"2020-11-26T23:29:19","guid":{"rendered":"http:\/\/nas-fmg.myds.me\/wordpress\/?page_id=1308"},"modified":"2020-11-27T00:53:09","modified_gmt":"2020-11-26T23:53:09","slug":"el-consejo-escolar","status":"publish","type":"page","link":"http:\/\/nas-fmg.myds.me\/wordpress\/el-consejo-escolar\/","title":{"rendered":"El consejo escolar"},"content":{"rendered":"\n<p>El Consejo Escolar es el \u00f3rgano colegiado de gobierno a trav\u00e9s del cual participa la comunidad educativa en el gobierno de los institutos de educaci\u00f3n secundaria. <\/p>\n\n\n\n<figure class=\"wp-block-embed-youtube wp-block-embed is-type-video is-provider-youtube wp-embed-aspect-4-3 wp-has-aspect-ratio\"><div class=\"wp-block-embed__wrapper\">\n<div class=\"fitvids-video\"><iframe loading=\"lazy\" title=\"consejo escolar narrado\" width=\"800\" height=\"600\" src=\"https:\/\/www.youtube.com\/embed\/uQdNz4AKK4o?feature=oembed\" frameborder=\"0\" allow=\"accelerometer; autoplay; clipboard-write; encrypted-media; gyroscope; picture-in-picture\" allowfullscreen><\/iframe><\/div>\n<\/div><figcaption>En este video podemos conocer los componentes del consejo escolar, sus competencias, el proceso de elecciones, formaci\u00f3n del consejo el colar, la comisi\u00f3n de convivencia y  la comisi\u00f3n de convivencia. <\/figcaption><\/figure>\n\n\n\n<p>En definitiva el consejo escolar esta representado por todas las partes del sistema educativo y tiene diversas funciones de vital importancia para el centro educativo, como aprobar las cuentas, fomentar la igualdad entre sexos o mantener las instalaciones y material, entre otras.  <\/p>\n\n\n\n<p>En la LOE el consejo escolar pose\u00eda la mayor\u00eda de poder a la hora de gestionar el centro, sin embargo la LOMCE arrebato este rol al consejo escolar convirti\u00e9ndolo en un accesorio meramente consultivo. <\/p>\n\n\n\n<figure class=\"wp-block-embed-youtube wp-block-embed is-type-video is-provider-youtube wp-embed-aspect-16-9 wp-has-aspect-ratio\"><div class=\"wp-block-embed__wrapper\">\n<div class=\"fitvids-video\"><iframe loading=\"lazy\" title=\"Consejo escolar LOMCE\" width=\"800\" height=\"450\" src=\"https:\/\/www.youtube.com\/embed\/VJdikVPCAy0?feature=oembed\" frameborder=\"0\" allow=\"accelerometer; autoplay; clipboard-write; encrypted-media; gyroscope; picture-in-picture\" allowfullscreen><\/iframe><\/div>\n<\/div><figcaption>Hablando sobre los cambios del  consejo escolar de la LOE a la LOMCE<\/figcaption><\/figure>\n\n\n\n<p><\/p>\n","protected":false},"excerpt":{"rendered":"<p>El Consejo Escolar es el \u00f3rgano colegiado de gobierno a trav\u00e9s del cual participa la comunidad educativa en el gobierno<\/p>\n","protected":false},"author":3,"featured_media":0,"parent":0,"menu_order":0,"comment_status":"closed","ping_status":"closed","template":"","meta":[],"_links":{"self":[{"href":"http:\/\/nas-fmg.myds.me\/wordpress\/wp-json\/wp\/v2\/pages\/1308"}],"collection":[{"href":"http:\/\/nas-fmg.myds.me\/wordpress\/wp-json\/wp\/v2\/pages"}],"about":[{"href":"http:\/\/nas-fmg.myds.me\/wordpress\/wp-json\/wp\/v2\/types\/page"}],"author":[{"embeddable":true,"href":"http:\/\/nas-fmg.myds.me\/wordpress\/wp-json\/wp\/v2\/users\/3"}],"replies":[{"embeddable":true,"href":"http:\/\/nas-fmg.myds.me\/wordpress\/wp-json\/wp\/v2\/comments?post=1308"}],"version-history":[{"count":2,"href":"http:\/\/nas-fmg.myds.me\/wordpress\/wp-json\/wp\/v2\/pages\/1308\/revisions"}],"predecessor-version":[{"id":1312,"href":"http:\/\/nas-fmg.myds.me\/wordpress\/wp-json\/wp\/v2\/pages\/1308\/revisions\/1312"}],"wp:attachment":[{"href":"http:\/\/nas-fmg.myds.me\/wordpress\/wp-json\/wp\/v2\/media?parent=1308"}],"curies":[{"name":"wp","href":"https:\/\/api.w.org\/{rel}","templated":true}]}}