{"id":1305,"date":"2020-11-27T00:27:15","date_gmt":"2020-11-26T23:27:15","guid":{"rendered":"http:\/\/nas-fmg.myds.me\/wordpress\/?page_id=1305"},"modified":"2020-11-27T00:27:16","modified_gmt":"2020-11-26T23:27:16","slug":"organos-colegiados","status":"publish","type":"page","link":"http:\/\/nas-fmg.myds.me\/wordpress\/organos-colegiados\/","title":{"rendered":"\u00d3rganos Colegiados"},"content":{"rendered":"\n<p>Consideramos como \u00f3rganos colegiados de gobierno, al Consejo Escolar, al Claustro de Profesores y al Equipo directivo. Se\u00f1alando como \u00f3rganos de coordinaci\u00f3n docente; la Comisi\u00f3n de Coordinaci\u00f3n Pedag\u00f3gica, los Departamentos did\u00e1cticos espec\u00edficos, el Departamento de Orientaci\u00f3n, el Departamento de actividades complementarias y extraescolares, los Tutores y los Equipos docentes. <\/p>\n","protected":false},"excerpt":{"rendered":"<p>Consideramos como \u00f3rganos colegiados de gobierno, al Consejo Escolar, al Claustro de Profesores y al Equipo directivo. Se\u00f1alando como \u00f3rganos<\/p>\n","protected":false},"author":3,"featured_media":0,"parent":0,"menu_order":0,"comment_status":"closed","ping_status":"closed","template":"","meta":[],"_links":{"self":[{"href":"http:\/\/nas-fmg.myds.me\/wordpress\/wp-json\/wp\/v2\/pages\/1305"}],"collection":[{"href":"http:\/\/nas-fmg.myds.me\/wordpress\/wp-json\/wp\/v2\/pages"}],"about":[{"href":"http:\/\/nas-fmg.myds.me\/wordpress\/wp-json\/wp\/v2\/types\/page"}],"author":[{"embeddable":true,"href":"http:\/\/nas-fmg.myds.me\/wordpress\/wp-json\/wp\/v2\/users\/3"}],"replies":[{"embeddable":true,"href":"http:\/\/nas-fmg.myds.me\/wordpress\/wp-json\/wp\/v2\/comments?post=1305"}],"version-history":[{"count":1,"href":"http:\/\/nas-fmg.myds.me\/wordpress\/wp-json\/wp\/v2\/pages\/1305\/revisions"}],"predecessor-version":[{"id":1306,"href":"http:\/\/nas-fmg.myds.me\/wordpress\/wp-json\/wp\/v2\/pages\/1305\/revisions\/1306"}],"wp:attachment":[{"href":"http:\/\/nas-fmg.myds.me\/wordpress\/wp-json\/wp\/v2\/media?parent=1305"}],"curies":[{"name":"wp","href":"https:\/\/api.w.org\/{rel}","templated":true}]}}