{"id":1267,"date":"2020-11-20T11:47:10","date_gmt":"2020-11-20T10:47:10","guid":{"rendered":"http:\/\/nas-fmg.myds.me\/wordpress\/?page_id=1267"},"modified":"2020-11-20T12:00:35","modified_gmt":"2020-11-20T11:00:35","slug":"tipos-de-centros","status":"publish","type":"page","link":"http:\/\/nas-fmg.myds.me\/wordpress\/tipos-de-centros\/","title":{"rendered":"Tipos de centros"},"content":{"rendered":"\n<ul><li>P\u00fablicos:  aquellos cuya titularidad recae en la administraci\u00f3n p\u00fablica. <\/li><li>Privados: aquellos cuya titularidad recae en una persona f\u00edsica o jur\u00eddica de car\u00e1cter privado [Entendiendo por titular de un centro privado la persona f\u00edsica o jur\u00eddica que conste como tal en el Registro de centros de la correspondiente Administraci\u00f3n educativa]. <\/li><li> Si bien, son centros privados concertados, los centros privados acogidos al r\u00e9gimen de conciertos legalmente establecido. <\/li><\/ul>\n\n\n\n<p>En cualquier caso, la prestaci\u00f3n del servicio p\u00fablico de la educaci\u00f3n se realizar\u00e1, a trav\u00e9s de los centros p\u00fablicos y privados concertados. el articulo 4 de la L.O.D.E. establece que los padres o tutores tienen derecho a escoger centro docente tanto p\u00fablico como distinto de los creados por los poderes p\u00fablicos. [Siempre y cuando haya plaza]. en este sentido las administraciones p\u00fablicas tender\u00e1n a garantizar la existencia de plazas suficientes para la matricula del alunando. <\/p>\n\n\n\n<p>Tras aprobarse la ley LOMLOE debemos de tener en cuenta ciertas modificaci\u00f3n que afectan a los diferentes tipos de centro: <\/p>\n\n\n\n<ul><li> <strong>1- Defensa de la educaci\u00f3n p\u00fablica:<\/strong>\u00a0la educaci\u00f3n p\u00fablica constituye el eje vertebrador del sistema educativo. <\/li><li> <strong>2- Concertados:<\/strong>\u00a0elimina la \u201cdemanda social\u201d para abrir nuevos centros o aumentar plazas. No podr\u00e1n percibir cuotas de las familias por recibir las ense\u00f1anzas de car\u00e1cter gratuito ni imponer aportaciones a fundaciones o asociaciones. <\/li><li><strong>3<\/strong> <strong>&#8211; Suelo p\u00fablico<\/strong>: incremento progresivo de puestos escolares en la red p\u00fablica. Los municipios cooperar\u00e1n en la obtenci\u00f3n de los solares necesarios para construir centros p\u00fablicos. <\/li><li> <strong>4 &#8211; Separaci\u00f3n de alumnos por sexo:<\/strong>\u00a0los centros sostenidos parcial o totalmente con fondos p\u00fablicos no separar\u00e1n al alumnado por su g\u00e9nero. <\/li><\/ul>\n\n\n\n<p>Los centros de secundar\u00eda se los denomina de dos maneras: como (I.E.S.) Instituto de ense\u00f1anza secundaria o  Centros Integrados P\u00fablicos de Formaci\u00f3n Profesional (C.I.P.F.P.). <\/p>\n\n\n\n<p>Las Administraciones educativas potenciar\u00e1n que los centros p\u00fablicos puedan ofrecer actividades y servicios complementarios a fin de favorecer que ampl\u00eden su oferta educativa para atender las nuevas demandas  sociales, en otras palabras se encargaran de que los centros educativas dispongan de material y administraciones suficientes para velar por la igualdad de oportunidades en la ense\u00f1anza.<\/p>\n\n\n\n<p>Los titulares de los centros privados tendr\u00e1n derecho a establecer el car\u00e1cter propio o \u201cideario\u201d este deber\u00e1 respetar los derechos garantizados a profesores, padres y alumnos en la Constituci\u00f3n y en las leyes. <\/p>\n\n\n\n<p><\/p>\n","protected":false},"excerpt":{"rendered":"<p>P\u00fablicos: aquellos cuya titularidad recae en la administraci\u00f3n p\u00fablica. Privados: aquellos cuya titularidad recae en una persona f\u00edsica o jur\u00eddica<\/p>\n","protected":false},"author":3,"featured_media":0,"parent":0,"menu_order":0,"comment_status":"closed","ping_status":"closed","template":"","meta":[],"_links":{"self":[{"href":"http:\/\/nas-fmg.myds.me\/wordpress\/wp-json\/wp\/v2\/pages\/1267"}],"collection":[{"href":"http:\/\/nas-fmg.myds.me\/wordpress\/wp-json\/wp\/v2\/pages"}],"about":[{"href":"http:\/\/nas-fmg.myds.me\/wordpress\/wp-json\/wp\/v2\/types\/page"}],"author":[{"embeddable":true,"href":"http:\/\/nas-fmg.myds.me\/wordpress\/wp-json\/wp\/v2\/users\/3"}],"replies":[{"embeddable":true,"href":"http:\/\/nas-fmg.myds.me\/wordpress\/wp-json\/wp\/v2\/comments?post=1267"}],"version-history":[{"count":2,"href":"http:\/\/nas-fmg.myds.me\/wordpress\/wp-json\/wp\/v2\/pages\/1267\/revisions"}],"predecessor-version":[{"id":1272,"href":"http:\/\/nas-fmg.myds.me\/wordpress\/wp-json\/wp\/v2\/pages\/1267\/revisions\/1272"}],"wp:attachment":[{"href":"http:\/\/nas-fmg.myds.me\/wordpress\/wp-json\/wp\/v2\/media?parent=1267"}],"curies":[{"name":"wp","href":"https:\/\/api.w.org\/{rel}","templated":true}]}}