{"id":1179,"date":"2020-11-17T19:43:55","date_gmt":"2020-11-17T18:43:55","guid":{"rendered":"http:\/\/nas-fmg.myds.me\/wordpress\/?page_id=1179"},"modified":"2020-11-17T20:10:10","modified_gmt":"2020-11-17T19:10:10","slug":"pecha-kucha","status":"publish","type":"page","link":"http:\/\/nas-fmg.myds.me\/wordpress\/pecha-kucha\/","title":{"rendered":"Pecha Kucha"},"content":{"rendered":"\n<p> El pecha kucha consiste en hacer una presentaci\u00f3n de 20 diapositivas en 20 segundos cada diapositiva, es importante apoyarse en im\u00e1genes e informaci\u00f3n que sean impactantes, moverte con fluidez y que el p\u00fablico preste atenci\u00f3n en todo momento con tu performance, pero, ten cuidado y no cargues mucho las diapositivas o te pases del tiempo de la diapositiva. Es la hora de moverse, y mostrarte extrovertido.  <\/p>\n\n\n\n<figure class=\"wp-block-embed-youtube wp-block-embed is-type-video is-provider-youtube wp-embed-aspect-16-9 wp-has-aspect-ratio\"><div class=\"wp-block-embed__wrapper\">\n<div class=\"fitvids-video\"><iframe loading=\"lazy\" title=\"\u00bfC\u00f3mo armar un Pecha Kucha?\" width=\"800\" height=\"450\" src=\"https:\/\/www.youtube.com\/embed\/M3F1h_BbUx0?feature=oembed\" frameborder=\"0\" allow=\"accelerometer; autoplay; clipboard-write; encrypted-media; gyroscope; picture-in-picture\" allowfullscreen><\/iframe><\/div>\n<\/div><figcaption>Como hacer un pecha kucha<\/figcaption><\/figure>\n\n\n\n<div class=\"wp-block-file\"><a href=\"http:\/\/nas-fmg.myds.me\/wordpress\/wp-content\/uploads\/2020\/11\/PRESENTACI\u00d3N-FINAL.pptx\">PRESENTACI\u00d3N FINAL<\/a><a href=\"http:\/\/nas-fmg.myds.me\/wordpress\/wp-content\/uploads\/2020\/11\/PRESENTACI\u00d3N-FINAL.pptx\" class=\"wp-block-file__button\" download>Download<\/a><\/div>\n","protected":false},"excerpt":{"rendered":"<p>El pecha kucha consiste en hacer una presentaci\u00f3n de 20 diapositivas en 20 segundos cada diapositiva, es importante apoyarse en<\/p>\n","protected":false},"author":3,"featured_media":0,"parent":0,"menu_order":0,"comment_status":"closed","ping_status":"closed","template":"","meta":[],"_links":{"self":[{"href":"http:\/\/nas-fmg.myds.me\/wordpress\/wp-json\/wp\/v2\/pages\/1179"}],"collection":[{"href":"http:\/\/nas-fmg.myds.me\/wordpress\/wp-json\/wp\/v2\/pages"}],"about":[{"href":"http:\/\/nas-fmg.myds.me\/wordpress\/wp-json\/wp\/v2\/types\/page"}],"author":[{"embeddable":true,"href":"http:\/\/nas-fmg.myds.me\/wordpress\/wp-json\/wp\/v2\/users\/3"}],"replies":[{"embeddable":true,"href":"http:\/\/nas-fmg.myds.me\/wordpress\/wp-json\/wp\/v2\/comments?post=1179"}],"version-history":[{"count":3,"href":"http:\/\/nas-fmg.myds.me\/wordpress\/wp-json\/wp\/v2\/pages\/1179\/revisions"}],"predecessor-version":[{"id":1211,"href":"http:\/\/nas-fmg.myds.me\/wordpress\/wp-json\/wp\/v2\/pages\/1179\/revisions\/1211"}],"wp:attachment":[{"href":"http:\/\/nas-fmg.myds.me\/wordpress\/wp-json\/wp\/v2\/media?parent=1179"}],"curies":[{"name":"wp","href":"https:\/\/api.w.org\/{rel}","templated":true}]}}