{"id":1175,"date":"2020-11-17T19:42:43","date_gmt":"2020-11-17T18:42:43","guid":{"rendered":"http:\/\/nas-fmg.myds.me\/wordpress\/?page_id=1175"},"modified":"2020-11-17T20:04:00","modified_gmt":"2020-11-17T19:04:00","slug":"critica-al-sistema-educativo-espanol","status":"publish","type":"page","link":"http:\/\/nas-fmg.myds.me\/wordpress\/critica-al-sistema-educativo-espanol\/","title":{"rendered":"Cr\u00edtica al sistema educativo espa\u00f1ol"},"content":{"rendered":"\n<p> El sistema educativo espa\u00f1ol esta en el punto de mira, el constante vaiv\u00e9n en los cambios de leyes y el escaso \u00e9xito de las que actualmente est\u00e1n en vigor han provocado que Espa\u00f1a no tenga un sistema educativo a la altura de otros pa\u00edses miembro de la Uni\u00f3n Europea.  <\/p>\n\n\n\n<p> PISA es un estudio trienal de estudiantes de 15 a\u00f1os que eval\u00faa el grado que han adquirido de conocimientos clave y habilidades esenciales para una participaci\u00f3n plena en la sociedad. La evaluaci\u00f3n se centra en las \u00e1reas de lectura, matem\u00e1ticas, ciencias y un \u00e1mbito innovador y en el bienestar de los estudiantes.    <\/p>\n\n\n\n<p> Seg\u00fan los resultados obtenidos en El informe del programa internacional para la Evaluaci\u00f3n de Estudiantes (PISA) de 2018 Espa\u00f1a esta por debajo de la media de los pa\u00edses miembros de la  Organizaci\u00f3n para la Cooperaci\u00f3n y el Desarrollo Econ\u00f3micos (OECD).  <\/p>\n\n\n\n<p> Descargar el informe PISA 2018: <\/p>\n\n\n\n<div class=\"wp-block-file\"><a href=\"http:\/\/nas-fmg.myds.me\/wordpress\/wp-content\/uploads\/2020\/11\/PISA2018_CN_esp_ESP.pdf\">PISA2018_CN_esp_ESP<\/a><a href=\"http:\/\/nas-fmg.myds.me\/wordpress\/wp-content\/uploads\/2020\/11\/PISA2018_CN_esp_ESP.pdf\" class=\"wp-block-file__button\" download>Download<\/a><\/div>\n\n\n\n<p> Los videos que se presentan a continuaci\u00f3n profundizan sobre los claros oscuros del sistema educativo espa\u00f1ol, expertos en la educaci\u00f3n hablan desde su punto de vista de cuales son los motivos por los que el sistema educativo espa\u00f1ol no esta funcionando y que se deber\u00eda de hacer para mejorarlo.  <\/p>\n\n\n\n<figure class=\"wp-block-embed-youtube wp-block-embed is-type-video is-provider-youtube wp-embed-aspect-16-9 wp-has-aspect-ratio\"><div class=\"wp-block-embed__wrapper\">\n<div class=\"fitvids-video\"><iframe loading=\"lazy\" title=\"Las sombras del sistema educativo espan\u0303ol\" width=\"800\" height=\"450\" src=\"https:\/\/www.youtube.com\/embed\/nXT-3JnStTw?feature=oembed\" frameborder=\"0\" allow=\"accelerometer; autoplay; clipboard-write; encrypted-media; gyroscope; picture-in-picture\" allowfullscreen><\/iframe><\/div>\n<\/div><figcaption> Los fallos del sistema educativo actual <\/figcaption><\/figure>\n\n\n\n<figure class=\"wp-block-embed-youtube wp-block-embed is-type-video is-provider-youtube wp-embed-aspect-4-3 wp-has-aspect-ratio\"><div class=\"wp-block-embed__wrapper\">\n<div class=\"fitvids-video\"><iframe loading=\"lazy\" title=\"Los problemas del sistema educativo espa\u00f1ol\" width=\"800\" height=\"600\" src=\"https:\/\/www.youtube.com\/embed\/JKE2-ku1opU?feature=oembed\" frameborder=\"0\" allow=\"accelerometer; autoplay; clipboard-write; encrypted-media; gyroscope; picture-in-picture\" allowfullscreen><\/iframe><\/div>\n<\/div><figcaption> Los 4 males de la educaci\u00f3n: Abandono escolar, Fracaso escolar, Falta de formaci\u00f3n del profesorado y diferencias en la educaci\u00f3n en funci\u00f3n de la ubicaci\u00f3n.  <\/figcaption><\/figure>\n","protected":false},"excerpt":{"rendered":"<p>El sistema educativo espa\u00f1ol esta en el punto de mira, el constante vaiv\u00e9n en los cambios de leyes y el<\/p>\n","protected":false},"author":3,"featured_media":0,"parent":0,"menu_order":0,"comment_status":"closed","ping_status":"closed","template":"","meta":[],"_links":{"self":[{"href":"http:\/\/nas-fmg.myds.me\/wordpress\/wp-json\/wp\/v2\/pages\/1175"}],"collection":[{"href":"http:\/\/nas-fmg.myds.me\/wordpress\/wp-json\/wp\/v2\/pages"}],"about":[{"href":"http:\/\/nas-fmg.myds.me\/wordpress\/wp-json\/wp\/v2\/types\/page"}],"author":[{"embeddable":true,"href":"http:\/\/nas-fmg.myds.me\/wordpress\/wp-json\/wp\/v2\/users\/3"}],"replies":[{"embeddable":true,"href":"http:\/\/nas-fmg.myds.me\/wordpress\/wp-json\/wp\/v2\/comments?post=1175"}],"version-history":[{"count":2,"href":"http:\/\/nas-fmg.myds.me\/wordpress\/wp-json\/wp\/v2\/pages\/1175\/revisions"}],"predecessor-version":[{"id":1200,"href":"http:\/\/nas-fmg.myds.me\/wordpress\/wp-json\/wp\/v2\/pages\/1175\/revisions\/1200"}],"wp:attachment":[{"href":"http:\/\/nas-fmg.myds.me\/wordpress\/wp-json\/wp\/v2\/media?parent=1175"}],"curies":[{"name":"wp","href":"https:\/\/api.w.org\/{rel}","templated":true}]}}