{"id":1169,"date":"2020-11-17T19:41:09","date_gmt":"2020-11-17T18:41:09","guid":{"rendered":"http:\/\/nas-fmg.myds.me\/wordpress\/?page_id=1169"},"modified":"2020-11-19T21:51:15","modified_gmt":"2020-11-19T20:51:15","slug":"loce-ley-organica-calidad-de-la-ensenanza-2002","status":"publish","type":"page","link":"http:\/\/nas-fmg.myds.me\/wordpress\/loce-ley-organica-calidad-de-la-ensenanza-2002\/","title":{"rendered":"LOCE &#8211; Ley org\u00e1nica calidad de la ense\u00f1anza 2002"},"content":{"rendered":"\n<p>Esta ley corresponde al Partido Popular que en aquella \u00e9poca estaba presidida por Jos\u00e9 Mar\u00eda Aznar.<\/p>\n\n\n\n<div class=\"wp-block-image\"><figure class=\"aligncenter size-large\"><img decoding=\"async\" loading=\"lazy\" width=\"500\" height=\"334\" src=\"http:\/\/nas-fmg.myds.me\/wordpress\/wp-content\/uploads\/2020\/11\/Jos\u00e9_Mar\u00eda_Aznar_in_Moscow_29_May_2002-1.jpg\" alt=\"\" class=\"wp-image-1256\" srcset=\"http:\/\/nas-fmg.myds.me\/wordpress\/wp-content\/uploads\/2020\/11\/Jos\u00e9_Mar\u00eda_Aznar_in_Moscow_29_May_2002-1.jpg 500w, http:\/\/nas-fmg.myds.me\/wordpress\/wp-content\/uploads\/2020\/11\/Jos\u00e9_Mar\u00eda_Aznar_in_Moscow_29_May_2002-1-300x200.jpg 300w\" sizes=\"(max-width: 500px) 100vw, 500px\" \/><figcaption>Jos\u00e9 Mar\u00eda Aznar &#8211; Expresidente de Espa\u00f1a y actual presidente de las FAES<\/figcaption><\/figure><\/div>\n\n\n\n<p>Los cambios econ\u00f3micos, sociales y tecnol\u00f3gicos ocurridos desde la implantaci\u00f3n de la LOGSE y las cr\u00edticas hacia ella desde diversos grupos fomentaron la necesidad de una nueva ley que fomentara entre otros valores los de la cultura del esfuerzo y la disciplina en el aula y contemplara desde una perspectiva m\u00e1s actual el uso de las nuevas&nbsp;tecnolog\u00edas de la informaci\u00f3n y la comunicaci\u00f3n.<\/p>\n\n\n\n<p>En&nbsp;2002&nbsp;fue promulgada una nueva ley educativa, la&nbsp;Ley Org\u00e1nica de Calidad de la Educaci\u00f3n&nbsp;(LOCE). Aunque pose\u00eda un car\u00e1cter constructivista difer\u00eda sustancialmente con la ley anterior en aspectos como la atenci\u00f3n a la diversidad. <\/p>\n\n\n\n<p>La LOCE establec\u00eda lo siguiente:<\/p>\n\n\n\n<ul><li> aportaba un nuevo itinerario para el estudiante, permit\u00eda al alumno en 3\u00ba de la ESO seguir por la v\u00eda de una formaci\u00f3n profesional o continuar hacia bachillerato<\/li><li>En 4\u00ba de la ESO se escog\u00eda un programa cient\u00edfico, human\u00edstico o el programa de iniciaci\u00f3n profesional (PIP).<\/li><li>Establec\u00eda la religi\u00f3n como obligatoria y evaluable.<\/li><li>Se repet\u00eda el curso con 2 suspensos. <\/li><li>Sin revalidas no habr\u00eda acceso a FP o acceso a la universidad. <\/li><li>La ESO te permit\u00eda ir a un grado medio y el bachillerato a la universidad. <\/li><\/ul>\n\n\n\n<p>Esta ley no se llego a aplicar ya que en 2004 cambio el gobierno. <\/p>\n\n\n\n<figure class=\"wp-block-image size-large\"><img decoding=\"async\" loading=\"lazy\" width=\"720\" height=\"381\" src=\"http:\/\/nas-fmg.myds.me\/wordpress\/wp-content\/uploads\/2020\/11\/aznar-pujol.jpeg\" alt=\"\" class=\"wp-image-1257\" srcset=\"http:\/\/nas-fmg.myds.me\/wordpress\/wp-content\/uploads\/2020\/11\/aznar-pujol.jpeg 720w, http:\/\/nas-fmg.myds.me\/wordpress\/wp-content\/uploads\/2020\/11\/aznar-pujol-300x159.jpeg 300w, http:\/\/nas-fmg.myds.me\/wordpress\/wp-content\/uploads\/2020\/11\/aznar-pujol-390x205.jpeg 390w\" sizes=\"(max-width: 720px) 100vw, 720px\" \/><figcaption>Jos\u00e9 Mar\u00eda Aznar dando la mano a  Jordi Pujol en los pactos del Majestic<\/figcaption><\/figure>\n","protected":false},"excerpt":{"rendered":"<p>Esta ley corresponde al Partido Popular que en aquella \u00e9poca estaba presidida por Jos\u00e9 Mar\u00eda Aznar. Los cambios econ\u00f3micos, sociales<\/p>\n","protected":false},"author":3,"featured_media":0,"parent":0,"menu_order":0,"comment_status":"closed","ping_status":"closed","template":"","meta":[],"_links":{"self":[{"href":"http:\/\/nas-fmg.myds.me\/wordpress\/wp-json\/wp\/v2\/pages\/1169"}],"collection":[{"href":"http:\/\/nas-fmg.myds.me\/wordpress\/wp-json\/wp\/v2\/pages"}],"about":[{"href":"http:\/\/nas-fmg.myds.me\/wordpress\/wp-json\/wp\/v2\/types\/page"}],"author":[{"embeddable":true,"href":"http:\/\/nas-fmg.myds.me\/wordpress\/wp-json\/wp\/v2\/users\/3"}],"replies":[{"embeddable":true,"href":"http:\/\/nas-fmg.myds.me\/wordpress\/wp-json\/wp\/v2\/comments?post=1169"}],"version-history":[{"count":3,"href":"http:\/\/nas-fmg.myds.me\/wordpress\/wp-json\/wp\/v2\/pages\/1169\/revisions"}],"predecessor-version":[{"id":1259,"href":"http:\/\/nas-fmg.myds.me\/wordpress\/wp-json\/wp\/v2\/pages\/1169\/revisions\/1259"}],"wp:attachment":[{"href":"http:\/\/nas-fmg.myds.me\/wordpress\/wp-json\/wp\/v2\/media?parent=1169"}],"curies":[{"name":"wp","href":"https:\/\/api.w.org\/{rel}","templated":true}]}}