{"id":1167,"date":"2020-11-17T19:40:35","date_gmt":"2020-11-17T18:40:35","guid":{"rendered":"http:\/\/nas-fmg.myds.me\/wordpress\/?page_id=1167"},"modified":"2020-11-19T21:34:33","modified_gmt":"2020-11-19T20:34:33","slug":"logse-ley-organica-de-ordenacion-general-del-sistema-educativo-1990","status":"publish","type":"page","link":"http:\/\/nas-fmg.myds.me\/wordpress\/logse-ley-organica-de-ordenacion-general-del-sistema-educativo-1990\/","title":{"rendered":"LOGSE &#8211; Ley org\u00e1nica de ordenaci\u00f3n general del sistema educativo 1990"},"content":{"rendered":"\n<p>Tras la resoluci\u00f3n del conflicto entre la educaci\u00f3n privada y p\u00fablica resulto se tramito una nueva ley, otra vez el PSOE estaba en el poder e impulso la LOGSE.<\/p>\n\n\n\n<p>Esta ley supuso el cambio de la estructura del sistema educativo espa\u00f1ol, estableciendo los cursos y las etapas educativas, as\u00ed, la LOGSE sustituyo a la ley general de educaci\u00f3n de 1970. <\/p>\n\n\n\n<p>La ley establec\u00eda 2 etapas, la educaci\u00f3n primaria de 6 a 12 a\u00f1os y la educaci\u00f3n secundaria obligatoria de 12 a 16 a\u00f1os, adem\u00e1s establec\u00eda 2 ciclos de educaci\u00f3n infantil de 0 a 3 a\u00f1os y de 3 a 6 a\u00f1os. <\/p>\n\n\n\n<p>Al t\u00e9rmino de la ESO se encontraba el&nbsp;Bachillerato&nbsp;en dos a\u00f1os y se crearon modalidades:<\/p>\n\n\n\n<ul><li>Artes<\/li><li>Tecnol\u00f3gico<\/li><li>Humanidades y Ciencias sociales<\/li><li>Ciencias de la Salud<\/li><\/ul>\n\n\n\n<p>Alfredo P\u00e9rez Rubalcaba fue profesor, pidi\u00f3 una excedencia para entrar en pol\u00edtica con Felipe Gonz\u00e1lez. Como ministro de Educaci\u00f3n, Alfredo <br>P\u00e9rez Rubalcaba culmin\u00f3 la primera gran reforma de educaci\u00f3n de la izquierda. Con \u00e9l acabo la EGB y comenz\u00f3 la ESO.<\/p>\n\n\n\n<figure class=\"wp-block-image size-large\"><img decoding=\"async\" loading=\"lazy\" width=\"980\" height=\"552\" src=\"http:\/\/nas-fmg.myds.me\/wordpress\/wp-content\/uploads\/2020\/11\/1557464508_194765_1557498969_noticia_fotograma.jpg\" alt=\"\" class=\"wp-image-1252\" srcset=\"http:\/\/nas-fmg.myds.me\/wordpress\/wp-content\/uploads\/2020\/11\/1557464508_194765_1557498969_noticia_fotograma.jpg 980w, http:\/\/nas-fmg.myds.me\/wordpress\/wp-content\/uploads\/2020\/11\/1557464508_194765_1557498969_noticia_fotograma-300x169.jpg 300w, http:\/\/nas-fmg.myds.me\/wordpress\/wp-content\/uploads\/2020\/11\/1557464508_194765_1557498969_noticia_fotograma-768x433.jpg 768w\" sizes=\"(max-width: 980px) 100vw, 980px\" \/><figcaption> Alfonso P\u00e9rez Rubalcaba impulsor de la LOGSE<br>Espa\u00f1a necesita pol\u00edticos como usted <\/figcaption><\/figure>\n\n\n\n<p>\u00bfQuieres leerte la entrevista de Alfonso defendiendo la LOGSE? pincha en el link que encontraras a continuaci\u00f3n<\/p>\n\n\n\n<figure class=\"wp-block-embed-wordpress wp-block-embed is-type-wp-embed is-provider-xlsemanal\"><div class=\"wp-block-embed__wrapper\">\n<div class=\"fitvids-video\"><blockquote class=\"wp-embedded-content\" data-secret=\"oUf4BkaFpM\"><a href=\"https:\/\/www.xlsemanal.com\/actualidad\/20160417\/alfredo-perez-rubalcaba-impulsor-9696.html\">Alfredo P\u00e9rez Rubalcaba, impulsor de la LOGSE<\/a><\/blockquote><iframe title=\"Entrada de WordPress incrustada\" class=\"wp-embedded-content\" sandbox=\"allow-scripts\" security=\"restricted\" style=\"position: absolute; clip: rect(1px, 1px, 1px, 1px);\" src=\"https:\/\/www.xlsemanal.com\/actualidad\/20160417\/alfredo-perez-rubalcaba-impulsor-9696.html\/embed#?secret=oUf4BkaFpM\" data-secret=\"oUf4BkaFpM\" width=\"600\" height=\"338\" frameborder=\"0\" marginwidth=\"0\" marginheight=\"0\" scrolling=\"no\"><\/iframe><\/div>\n<\/div><\/figure>\n\n\n\n<p><\/p>\n","protected":false},"excerpt":{"rendered":"<p>Tras la resoluci\u00f3n del conflicto entre la educaci\u00f3n privada y p\u00fablica resulto se tramito una nueva ley, otra vez el<\/p>\n","protected":false},"author":3,"featured_media":0,"parent":0,"menu_order":0,"comment_status":"closed","ping_status":"closed","template":"","meta":[],"_links":{"self":[{"href":"http:\/\/nas-fmg.myds.me\/wordpress\/wp-json\/wp\/v2\/pages\/1167"}],"collection":[{"href":"http:\/\/nas-fmg.myds.me\/wordpress\/wp-json\/wp\/v2\/pages"}],"about":[{"href":"http:\/\/nas-fmg.myds.me\/wordpress\/wp-json\/wp\/v2\/types\/page"}],"author":[{"embeddable":true,"href":"http:\/\/nas-fmg.myds.me\/wordpress\/wp-json\/wp\/v2\/users\/3"}],"replies":[{"embeddable":true,"href":"http:\/\/nas-fmg.myds.me\/wordpress\/wp-json\/wp\/v2\/comments?post=1167"}],"version-history":[{"count":5,"href":"http:\/\/nas-fmg.myds.me\/wordpress\/wp-json\/wp\/v2\/pages\/1167\/revisions"}],"predecessor-version":[{"id":1253,"href":"http:\/\/nas-fmg.myds.me\/wordpress\/wp-json\/wp\/v2\/pages\/1167\/revisions\/1253"}],"wp:attachment":[{"href":"http:\/\/nas-fmg.myds.me\/wordpress\/wp-json\/wp\/v2\/media?parent=1167"}],"curies":[{"name":"wp","href":"https:\/\/api.w.org\/{rel}","templated":true}]}}