{"id":1160,"date":"2020-11-17T19:38:23","date_gmt":"2020-11-17T18:38:23","guid":{"rendered":"http:\/\/nas-fmg.myds.me\/wordpress\/?page_id=1160"},"modified":"2020-11-19T20:53:19","modified_gmt":"2020-11-19T19:53:19","slug":"la-constitucion-1978","status":"publish","type":"page","link":"http:\/\/nas-fmg.myds.me\/wordpress\/la-constitucion-1978\/","title":{"rendered":"La constituci\u00f3n 1978"},"content":{"rendered":"\n<p>En 1975 Francisco Franco mor\u00eda y daba comienzo la transici\u00f3n, que terminar\u00eda con la creaci\u00f3n de la constituci\u00f3n en 1978. <\/p>\n\n\n\n<p>La presi\u00f3n social invadi\u00f3 las calles de Espa\u00f1a que ped\u00edan a gritos un cambio en el modelo de pa\u00eds y todo ello derivo en la celebraci\u00f3n de las primeras elecciones 4 d\u00e9cadas m\u00e1s tarde de las \u00faltimas. <\/p>\n\n\n\n<p>Tras formarse la c\u00e1mara de los diputados empez\u00f3 el mayor reto del pa\u00eds, la creaci\u00f3n de la constituci\u00f3n de 1978. La constituci\u00f3n del 78 fue abordada desde el consenso pol\u00edtico y todas las fuerzas cedieron para poder elaborar el documento que estableci\u00f3 un marco jur\u00eddico de amplia base que fuera duradera y permitiera la alternancia en el poder de los diferentes partidos pol\u00edticos. <\/p>\n\n\n\n<p>Tras la creaci\u00f3n de la constituci\u00f3n Juan Carlos primero la juraba y era proclamado rey de Espa\u00f1a dando por terminada la transici\u00f3n de la dictadura franquista a la democracia mon\u00e1rquica. <\/p>\n\n\n\n<p>En el siguiente video se aprecia con todo detalle como fue la elaboraci\u00f3n de la constituci\u00f3n espa\u00f1ola. <\/p>\n\n\n\n<figure class=\"wp-block-embed-youtube wp-block-embed is-type-video is-provider-youtube wp-embed-aspect-16-9 wp-has-aspect-ratio\"><div class=\"wp-block-embed__wrapper\">\n<div class=\"fitvids-video\"><iframe loading=\"lazy\" title=\"Cronolog\u00eda: as\u00ed se elabor\u00f3 la Constituci\u00f3n de 1978\" width=\"800\" height=\"450\" src=\"https:\/\/www.youtube.com\/embed\/9V5KvekiK7E?feature=oembed\" frameborder=\"0\" allow=\"accelerometer; autoplay; clipboard-write; encrypted-media; gyroscope; picture-in-picture\" allowfullscreen><\/iframe><\/div>\n<\/div><\/figure>\n\n\n\n<p>En referencia a la educaci\u00f3n la constituci\u00f3n dedica un articulo espec\u00edficamente y otro m\u00e1s indirectamente, hablo del articulo 27 y del articulo 16.<\/p>\n\n\n\n<p>El articulo 16 habla sobre la libertad de culto y religi\u00f3n, establece que Espa\u00f1a es un estado no aconfesional pero que tendr\u00e1 en cuenta las creencias de sus ciudadanos y cooperara con la iglesia. En otras palabras, permitir\u00e1 la ense\u00f1anza religiosa. <\/p>\n\n\n\n<p>El articulo 27 se creo con un amplio consenso de los diferentes actores pol\u00edticos de diferentes partidos.  a continuaci\u00f3n presentamos los puntos.<\/p>\n\n\n\n<figure class=\"wp-block-image size-large\"><img decoding=\"async\" loading=\"lazy\" width=\"638\" height=\"479\" src=\"http:\/\/nas-fmg.myds.me\/wordpress\/wp-content\/uploads\/2020\/11\/artculo-27-2-638.jpg\" alt=\"\" class=\"wp-image-1233\" srcset=\"http:\/\/nas-fmg.myds.me\/wordpress\/wp-content\/uploads\/2020\/11\/artculo-27-2-638.jpg 638w, http:\/\/nas-fmg.myds.me\/wordpress\/wp-content\/uploads\/2020\/11\/artculo-27-2-638-300x225.jpg 300w\" sizes=\"(max-width: 638px) 100vw, 638px\" \/><\/figure>\n\n\n\n<p>Aunque todo pareciera que fuera a ser oro, desde entonces la educaci\u00f3n ha sido significado de conflicto ideol\u00f3gico por parte de los diferentes partidos pol\u00edticos y no se ha conseguido llegar a ning\u00fan consenso sobre este punto.<\/p>\n\n\n\n<p>Desde 1978 a 2020 se han aprobado un total de 8 leyes org\u00e1nicas, cada nueva ley acostumbra a derogar la anterior y a realizar la correspondiente visita a los tribunales de justicia, adem\u00e1s la bronca pol\u00edtica nunca falta en este espect\u00e1culo que todos los ciudadanos financiamos con nuestros impuestos.  <\/p>\n\n\n\n<figure class=\"wp-block-image\"><img alt=\"\"\/><\/figure>\n","protected":false},"excerpt":{"rendered":"<p>En 1975 Francisco Franco mor\u00eda y daba comienzo la transici\u00f3n, que terminar\u00eda con la creaci\u00f3n de la constituci\u00f3n en 1978.<\/p>\n","protected":false},"author":3,"featured_media":0,"parent":0,"menu_order":0,"comment_status":"closed","ping_status":"closed","template":"","meta":[],"_links":{"self":[{"href":"http:\/\/nas-fmg.myds.me\/wordpress\/wp-json\/wp\/v2\/pages\/1160"}],"collection":[{"href":"http:\/\/nas-fmg.myds.me\/wordpress\/wp-json\/wp\/v2\/pages"}],"about":[{"href":"http:\/\/nas-fmg.myds.me\/wordpress\/wp-json\/wp\/v2\/types\/page"}],"author":[{"embeddable":true,"href":"http:\/\/nas-fmg.myds.me\/wordpress\/wp-json\/wp\/v2\/users\/3"}],"replies":[{"embeddable":true,"href":"http:\/\/nas-fmg.myds.me\/wordpress\/wp-json\/wp\/v2\/comments?post=1160"}],"version-history":[{"count":5,"href":"http:\/\/nas-fmg.myds.me\/wordpress\/wp-json\/wp\/v2\/pages\/1160\/revisions"}],"predecessor-version":[{"id":1238,"href":"http:\/\/nas-fmg.myds.me\/wordpress\/wp-json\/wp\/v2\/pages\/1160\/revisions\/1238"}],"wp:attachment":[{"href":"http:\/\/nas-fmg.myds.me\/wordpress\/wp-json\/wp\/v2\/media?parent=1160"}],"curies":[{"name":"wp","href":"https:\/\/api.w.org\/{rel}","templated":true}]}}