{"id":1158,"date":"2020-11-17T19:38:04","date_gmt":"2020-11-17T18:38:04","guid":{"rendered":"http:\/\/nas-fmg.myds.me\/wordpress\/?page_id=1158"},"modified":"2020-11-19T20:25:34","modified_gmt":"2020-11-19T19:25:34","slug":"ley-general-de-educacion-1970","status":"publish","type":"page","link":"http:\/\/nas-fmg.myds.me\/wordpress\/ley-general-de-educacion-1970\/","title":{"rendered":"Ley General de Educaci\u00f3n 1970"},"content":{"rendered":"\n<p>Villar Palas\u00ed lidero la primera gran reforma del sistema educativo desde el inicio del franquismo, debido a que el reguimen franquista no pod\u00eda seguir afrontando la falta de eficacia del sistema educativo.<\/p>\n\n\n\n<p>Se realizo una investigaci\u00f3n profunda sobre cuales eran los elementos que se deb\u00edan de mejorar en el sistema educativo y fruto de estas investigaciones se concibi\u00f3 al Libro Blanco. que destacaba los errores del sistema de ense\u00f1anza detectados y arraigados con el tiempo. <\/p>\n\n\n\n<p>En el video que se muestra a continuaci\u00f3n queda perfectamente explicada los cambios m\u00e1s sustanciales que supuso la LGE de 1970. <\/p>\n\n\n\n<figure class=\"wp-block-embed-youtube wp-block-embed is-type-video is-provider-youtube wp-embed-aspect-4-3 wp-has-aspect-ratio\"><div class=\"wp-block-embed__wrapper\">\n<div class=\"fitvids-video\"><iframe loading=\"lazy\" title=\"Educaci\u00f3n en el Franquismo y ley 1970\" width=\"800\" height=\"600\" src=\"https:\/\/www.youtube.com\/embed\/F6kvTHw-iD8?feature=oembed\" frameborder=\"0\" allow=\"accelerometer; autoplay; clipboard-write; encrypted-media; gyroscope; picture-in-picture\" allowfullscreen><\/iframe><\/div>\n<\/div><\/figure>\n","protected":false},"excerpt":{"rendered":"<p>Villar Palas\u00ed lidero la primera gran reforma del sistema educativo desde el inicio del franquismo, debido a que el reguimen<\/p>\n","protected":false},"author":3,"featured_media":0,"parent":0,"menu_order":0,"comment_status":"closed","ping_status":"closed","template":"","meta":[],"_links":{"self":[{"href":"http:\/\/nas-fmg.myds.me\/wordpress\/wp-json\/wp\/v2\/pages\/1158"}],"collection":[{"href":"http:\/\/nas-fmg.myds.me\/wordpress\/wp-json\/wp\/v2\/pages"}],"about":[{"href":"http:\/\/nas-fmg.myds.me\/wordpress\/wp-json\/wp\/v2\/types\/page"}],"author":[{"embeddable":true,"href":"http:\/\/nas-fmg.myds.me\/wordpress\/wp-json\/wp\/v2\/users\/3"}],"replies":[{"embeddable":true,"href":"http:\/\/nas-fmg.myds.me\/wordpress\/wp-json\/wp\/v2\/comments?post=1158"}],"version-history":[{"count":3,"href":"http:\/\/nas-fmg.myds.me\/wordpress\/wp-json\/wp\/v2\/pages\/1158\/revisions"}],"predecessor-version":[{"id":1230,"href":"http:\/\/nas-fmg.myds.me\/wordpress\/wp-json\/wp\/v2\/pages\/1158\/revisions\/1230"}],"wp:attachment":[{"href":"http:\/\/nas-fmg.myds.me\/wordpress\/wp-json\/wp\/v2\/media?parent=1158"}],"curies":[{"name":"wp","href":"https:\/\/api.w.org\/{rel}","templated":true}]}}