{"id":1156,"date":"2020-11-17T19:37:35","date_gmt":"2020-11-17T18:37:35","guid":{"rendered":"http:\/\/nas-fmg.myds.me\/wordpress\/?page_id=1156"},"modified":"2020-11-19T20:12:27","modified_gmt":"2020-11-19T19:12:27","slug":"franquismo","status":"publish","type":"page","link":"http:\/\/nas-fmg.myds.me\/wordpress\/franquismo\/","title":{"rendered":"Franquismo"},"content":{"rendered":"\n<figure class=\"wp-block-image size-large\"><img decoding=\"async\" loading=\"lazy\" width=\"724\" height=\"1000\" src=\"http:\/\/nas-fmg.myds.me\/wordpress\/wp-content\/uploads\/2020\/11\/Francisco-Franco-1939.jpg\" alt=\"\" class=\"wp-image-1224\" srcset=\"http:\/\/nas-fmg.myds.me\/wordpress\/wp-content\/uploads\/2020\/11\/Francisco-Franco-1939.jpg 724w, http:\/\/nas-fmg.myds.me\/wordpress\/wp-content\/uploads\/2020\/11\/Francisco-Franco-1939-217x300.jpg 217w\" sizes=\"(max-width: 724px) 100vw, 724px\" \/><figcaption>Francisco Franco<\/figcaption><\/figure>\n\n\n\n<p>En 1936 daba comienzo la Guerra Civil en Espa\u00f1a que enfrentaba al bando fascista contra el bando republicano. 3 a\u00f1os m\u00e1s tarde en el 1939 con la toma del Ebro la guerra estaba decidida hacia el bando fascista. Aunque no sea el tema principal me gustar\u00eda aclaras por que el fascismo gano la Guerra Civil espa\u00f1ola:<\/p>\n\n\n\n<ul><li>El ejercito ten\u00eda ideolog\u00edas muy conservadoras, siendo los generales del ejercito quienes iniciaron y lideraron el golpe de estado contra el gobierno republicano. <\/li><li>La Alemania nazi propicio la capacidad de los generales para movilizar al grueso del ejercito desde \u00c1frica a la Pen\u00ednsula Ib\u00e9rica, adem\u00e1s les proporciona la ventaja a\u00e9rea con la secci\u00f3n de aviaci\u00f3n C\u00f3ndor que sembr\u00f3 el terror y el caos en diferentes puntos del pa\u00eds como en Guernica o Albacete. <\/li><li>El bando republicano no recibi\u00f3 ayudas de los piases aliados por miedo de estos a las represalias de los reg\u00edmenes totalitarios, solo Rusia envi\u00f3 ayuda al bando republicano y cuando esta dejo de llegar los republicanos vieron muy mermada su capacidad para afrontar una guerra. <\/li><\/ul>\n\n\n\n<p>El franquismo intento basar su sistema educativo en el modelo alem\u00e1n de las juventudes hitlerianas, en el video presentado a continuaci\u00f3n se muestra como el contacto entre j\u00f3venes alemanes y espa\u00f1oles era muy fluido. <\/p>\n\n\n\n<p><a href=\"https:\/\/www.lasexta.com\/programas\/sexta-columna\/noticias\/las-juventudes-de-franco-y-hitler-soldados-y-amigos-asi-confraternizaron-los-hijos-de-la-patria-franquista-y-nazi_202010235f9308ec24081b0001c3a7aa.html\">https:\/\/www.lasexta.com\/programas\/sexta-columna\/noticias\/las-juventudes-de-franco-y-hitler-soldados-y-amigos-asi-confraternizaron-los-hijos-de-la-patria-franquista-y-nazi_202010235f9308ec24081b0001c3a7aa.html<\/a><\/p>\n\n\n\n<p>El franquismo supuso el fin de la etapa dorada del instituto de libre ense\u00f1anza y dio comienzo a lo que yo denomino la \u00e9poca oscura de la educaci\u00f3n espa\u00f1ola. <\/p>\n\n\n\n<p>La dictadura llevo acabo una depuraci\u00f3n de los funcionarios que consideraban desafectos y en la educaci\u00f3n los maestros eclosionados en la segunda republica quedaron represaliados o exiliados, adem\u00e1s se estableci\u00f3 un f\u00e9rreo control educativo recuperando los elementos m\u00e1s tradicionales.<\/p>\n\n\n\n<p>La ley del bachillerato de 1938 estaba repleta de t\u00f3picos ideol\u00f3gicos y educativos de puro franquismo, en otras palabras, adoctrinaban a los estudiantes en la ideol\u00f3gica franquista.  Exist\u00eda una materia en particular que buscaba socializar a los estudiantes en los principios pol\u00edticos del r\u00e9gimen, la Formaci\u00f3n del Esp\u00edritu Nacional (FEN).<\/p>\n\n\n\n<p>En esta \u00e9poca el n\u00famero de estudiantes matriculados y de institutos disminuyo de manera abrupta. El estado no se hac\u00eda cargo de la educaci\u00f3n, siendo la educaci\u00f3n privada o  la iglesia, que recupero su rol de anta\u00f1o, las encargadas de educar a los j\u00f3venes estudiantes. <\/p>\n\n\n\n<p>En 1953 Ruiz Gim\u00e9nez se quiso parar la sangr\u00eda que supon\u00eda tener un sistema educativo tan ineficiente como el que ten\u00eda el franquismo e intento abordar este asunto desde un punto de vista m\u00e1s realista e inici\u00f3 una modera pol\u00edtica de expansi\u00f3n. La educaci\u00f3n p\u00fablica saldr\u00eda poco a poco de su letargo comenzando una significativa din\u00e1mica de expansi\u00f3n. Ruiz Gim\u00e9nez modifico el bachillerato y abandono el lenguaje combativo y el tono grandilocuente utilizado a\u00f1os atr\u00e1s e intento adaptar medidas que se ajustaran a la necesidad social que exist\u00eda en ese momento en Espa\u00f1a. <\/p>\n\n\n\n<div class=\"wp-block-image\"><figure class=\"aligncenter size-large\"><img decoding=\"async\" loading=\"lazy\" width=\"330\" height=\"432\" src=\"http:\/\/nas-fmg.myds.me\/wordpress\/wp-content\/uploads\/2020\/11\/Joaqu\u00ednRuizGim\u00e9nez-1953.tif.jpg\" alt=\"\" class=\"wp-image-1228\" srcset=\"http:\/\/nas-fmg.myds.me\/wordpress\/wp-content\/uploads\/2020\/11\/Joaqu\u00ednRuizGim\u00e9nez-1953.tif.jpg 330w, http:\/\/nas-fmg.myds.me\/wordpress\/wp-content\/uploads\/2020\/11\/Joaqu\u00ednRuizGim\u00e9nez-1953.tif-229x300.jpg 229w\" sizes=\"(max-width: 330px) 100vw, 330px\" \/><figcaption>Ruiz Gim\u00e9nez<\/figcaption><\/figure><\/div>\n\n\n\n<p>En el video que hay a continuaci\u00f3n varios personajes conocidos hablan del sistema educativo tras la ley de Ruiz Gim\u00e9nez <\/p>\n\n\n\n<figure class=\"wp-block-embed-youtube wp-block-embed is-type-video is-provider-youtube wp-embed-aspect-16-9 wp-has-aspect-ratio\"><div class=\"wp-block-embed__wrapper\">\n<div class=\"fitvids-video\"><iframe loading=\"lazy\" title=\"As\u00ed era la educaci\u00f3n durante la dictadura franquista | Franco. La vida del dictador en color\" width=\"800\" height=\"450\" src=\"https:\/\/www.youtube.com\/embed\/9BmZJwA2Tjk?feature=oembed\" frameborder=\"0\" allow=\"accelerometer; autoplay; clipboard-write; encrypted-media; gyroscope; picture-in-picture\" allowfullscreen><\/iframe><\/div>\n<\/div><\/figure>\n\n\n\n<p>La dictadura fue nefasta para la educaci\u00f3n en el pa\u00eds, Espa\u00f1a retrocedi\u00f3 siglos con el franquismo y finalmente se dio de bruces con la realidad de un sistema educativo que no aportaba adultos competentes para la prosperidad del estado. No fue hasta 1970 cuando Villar Palas\u00ed, ministro de educaci\u00f3n franquista decidi\u00f3 llevar acabo una amplia reforma del sistema educativo espa\u00f1ol.  <\/p>\n\n\n\n<figure class=\"wp-block-image size-large\"><img decoding=\"async\" loading=\"lazy\" width=\"1024\" height=\"576\" src=\"http:\/\/nas-fmg.myds.me\/wordpress\/wp-content\/uploads\/2020\/11\/Villar-Palasi-1970-1024x576.jpg\" alt=\"\" class=\"wp-image-1227\" srcset=\"http:\/\/nas-fmg.myds.me\/wordpress\/wp-content\/uploads\/2020\/11\/Villar-Palasi-1970-1024x576.jpg 1024w, http:\/\/nas-fmg.myds.me\/wordpress\/wp-content\/uploads\/2020\/11\/Villar-Palasi-1970-300x169.jpg 300w, http:\/\/nas-fmg.myds.me\/wordpress\/wp-content\/uploads\/2020\/11\/Villar-Palasi-1970-768x432.jpg 768w, http:\/\/nas-fmg.myds.me\/wordpress\/wp-content\/uploads\/2020\/11\/Villar-Palasi-1970.jpg 1280w\" sizes=\"(max-width: 1024px) 100vw, 1024px\" \/><figcaption>Villar Palas\u00ed<\/figcaption><\/figure>\n","protected":false},"excerpt":{"rendered":"<p>En 1936 daba comienzo la Guerra Civil en Espa\u00f1a que enfrentaba al bando fascista contra el bando republicano. 3 a\u00f1os<\/p>\n","protected":false},"author":3,"featured_media":0,"parent":0,"menu_order":0,"comment_status":"closed","ping_status":"closed","template":"","meta":[],"_links":{"self":[{"href":"http:\/\/nas-fmg.myds.me\/wordpress\/wp-json\/wp\/v2\/pages\/1156"}],"collection":[{"href":"http:\/\/nas-fmg.myds.me\/wordpress\/wp-json\/wp\/v2\/pages"}],"about":[{"href":"http:\/\/nas-fmg.myds.me\/wordpress\/wp-json\/wp\/v2\/types\/page"}],"author":[{"embeddable":true,"href":"http:\/\/nas-fmg.myds.me\/wordpress\/wp-json\/wp\/v2\/users\/3"}],"replies":[{"embeddable":true,"href":"http:\/\/nas-fmg.myds.me\/wordpress\/wp-json\/wp\/v2\/comments?post=1156"}],"version-history":[{"count":7,"href":"http:\/\/nas-fmg.myds.me\/wordpress\/wp-json\/wp\/v2\/pages\/1156\/revisions"}],"predecessor-version":[{"id":1229,"href":"http:\/\/nas-fmg.myds.me\/wordpress\/wp-json\/wp\/v2\/pages\/1156\/revisions\/1229"}],"wp:attachment":[{"href":"http:\/\/nas-fmg.myds.me\/wordpress\/wp-json\/wp\/v2\/media?parent=1156"}],"curies":[{"name":"wp","href":"https:\/\/api.w.org\/{rel}","templated":true}]}}