{"id":1058,"date":"2020-11-17T14:03:41","date_gmt":"2020-11-17T13:03:41","guid":{"rendered":"http:\/\/nas-fmg.myds.me\/wordpress\/?page_id=1058"},"modified":"2021-11-30T20:40:08","modified_gmt":"2021-11-30T19:40:08","slug":"atencion-a-la-diversidad","status":"publish","type":"page","link":"http:\/\/nas-fmg.myds.me\/wordpress\/atencion-a-la-diversidad\/","title":{"rendered":"Atenci\u00f3n a la diversidad"},"content":{"rendered":"\n<p>Hasta los a\u00f1os 90 las referencias a la atenci\u00f3n a la diversidad \u2013muy ligadas a la Educaci\u00f3n Especial y a las necesidades educativas especiales\u2013 se enmarcaban en una concepci\u00f3n segregacionista que implicaba el desarrollo de un modelo de organizaci\u00f3n diversificado para cada tipo de discapacidad. Con la promulgaci\u00f3n de la LOGSE y sus nuevas concepciones integracionistas, el alumnado con N.E.E. se ha ido incorporando al sistema educativo ordinario. Bajo esta perspectiva, se reconoce que cada alumno o alumna es diferente y se establece un objetivo b\u00e1sico para todos: el desarrollo integral de todas sus capacidades. Se trata, por tanto, de ofrecer una respuesta a las necesidades de todo el alumnado.<\/p>\n\n\n\n<p>La Ley Org\u00e1nica de Educaci\u00f3n (LOE), de 3 de mayo de 2006, establece en su T\u00edtulo II el concepto de \u201calumnado con necesidad espec\u00edfica de apoyo educativo\u201d, con el que se refiere al alumnado que presenta necesidades educativas especiales, al alumnado con altas capacidades intelectuales y a los alumnos y alumnas cuyas necesidades provienen de su integraci\u00f3n tard\u00eda en el sistema educativo. <\/p>\n\n\n\n<p>La escolarizaci\u00f3n de alumnado con n.e.e. en unidades o centros de educaci\u00f3n especial s\u00f3lo se lleva a cabo cuando sus necesidades no puedan ser atendidas en el marco de las medidas de atenci\u00f3n a la diversidad de los centros ordinarios. Tradicionalmente, la respuesta a estos alumnos se articulaba desde la educaci\u00f3n especial y la integraci\u00f3n; en estos momentos, sin embargo, el concepto actual de educaci\u00f3n exige que la orientaci\u00f3n y la tutor\u00eda contribuyan tambi\u00e9n a dar una respuesta apropiada a la diversidad del alumnado. <\/p>\n\n\n\n<figure class=\"wp-block-embed-youtube wp-block-embed is-type-video is-provider-youtube wp-embed-aspect-16-9 wp-has-aspect-ratio\"><div class=\"wp-block-embed__wrapper\">\n<div class=\"fitvids-video\"><iframe loading=\"lazy\" title=\"Atenci\u00f3n a la Diversidad e Inclusi\u00f3n Educativa: Implicaciones Did\u00e1cticas - Ricardo Moreno\" width=\"800\" height=\"450\" src=\"https:\/\/www.youtube.com\/embed\/GmtlxsoQ5Ms?feature=oembed\" frameborder=\"0\" allow=\"accelerometer; autoplay; clipboard-write; encrypted-media; gyroscope; picture-in-picture\" allowfullscreen><\/iframe><\/div>\n<\/div><figcaption>Garantizar que cualquier estudiante con sus capacidades pueda desarrollar los contenidos curriculares igual que sus compa\u00f1eros<\/figcaption><\/figure>\n\n\n\n<p>La educaci\u00f3n inclusiva es el modelo que busca atender las necesidades de aprendizaje de todos los ni\u00f1os, ni\u00f1as, j\u00f3venes y adultos con especial \u00e9nfasis en aquellos que son vulnerables a la marginalidad y la exclusi\u00f3n social. Enel siguiente video Doris Gonz\u00e1lez nos explica que es la inclusi\u00f3n. <\/p>\n\n\n\n<figure class=\"wp-block-embed-youtube wp-block-embed is-type-video is-provider-youtube wp-embed-aspect-16-9 wp-has-aspect-ratio\"><div class=\"wp-block-embed__wrapper\">\n<div class=\"fitvids-video\"><iframe loading=\"lazy\" title=\"La inclusi\u00f3n es darle la bienvenida a la diversidad | Doris Gonz\u00e1lez Rodhe | TEDxHumboldtMexicoCity\" width=\"800\" height=\"450\" src=\"https:\/\/www.youtube.com\/embed\/3WKo67L0KAM?feature=oembed\" frameborder=\"0\" allow=\"accelerometer; autoplay; clipboard-write; encrypted-media; gyroscope; picture-in-picture\" allowfullscreen><\/iframe><\/div>\n<\/div><figcaption>La inclusi\u00f3n es para todas las personas en el aula<\/figcaption><\/figure>\n","protected":false},"excerpt":{"rendered":"<p>Hasta los a\u00f1os 90 las referencias a la atenci\u00f3n a la diversidad \u2013muy ligadas a la Educaci\u00f3n Especial y a<\/p>\n","protected":false},"author":3,"featured_media":0,"parent":0,"menu_order":0,"comment_status":"closed","ping_status":"closed","template":"","meta":[],"_links":{"self":[{"href":"http:\/\/nas-fmg.myds.me\/wordpress\/wp-json\/wp\/v2\/pages\/1058"}],"collection":[{"href":"http:\/\/nas-fmg.myds.me\/wordpress\/wp-json\/wp\/v2\/pages"}],"about":[{"href":"http:\/\/nas-fmg.myds.me\/wordpress\/wp-json\/wp\/v2\/types\/page"}],"author":[{"embeddable":true,"href":"http:\/\/nas-fmg.myds.me\/wordpress\/wp-json\/wp\/v2\/users\/3"}],"replies":[{"embeddable":true,"href":"http:\/\/nas-fmg.myds.me\/wordpress\/wp-json\/wp\/v2\/comments?post=1058"}],"version-history":[{"count":2,"href":"http:\/\/nas-fmg.myds.me\/wordpress\/wp-json\/wp\/v2\/pages\/1058\/revisions"}],"predecessor-version":[{"id":1389,"href":"http:\/\/nas-fmg.myds.me\/wordpress\/wp-json\/wp\/v2\/pages\/1058\/revisions\/1389"}],"wp:attachment":[{"href":"http:\/\/nas-fmg.myds.me\/wordpress\/wp-json\/wp\/v2\/media?parent=1058"}],"curies":[{"name":"wp","href":"https:\/\/api.w.org\/{rel}","templated":true}]}}