{"id":1052,"date":"2020-11-17T13:58:06","date_gmt":"2020-11-17T12:58:06","guid":{"rendered":"http:\/\/nas-fmg.myds.me\/wordpress\/?page_id=1052"},"modified":"2020-11-17T20:11:04","modified_gmt":"2020-11-17T19:11:04","slug":"genesis-evolucion-y-momento-actual-de-la-educacion-secundaria-normativa-y-organizacion","status":"publish","type":"page","link":"http:\/\/nas-fmg.myds.me\/wordpress\/genesis-evolucion-y-momento-actual-de-la-educacion-secundaria-normativa-y-organizacion\/","title":{"rendered":"G\u00e9nesis, evoluci\u00f3n y momento actual de la educaci\u00f3n secundaria: normativa y organizaci\u00f3n"},"content":{"rendered":"\n<p><strong>Repaso a la historia de la evoluci\u00f3n de la educaci\u00f3n en Espa\u00f1a, desde el S.XVI al presente<\/strong><\/p>\n\n\n\n<div class=\"wp-block-file\"><a href=\"http:\/\/nas-fmg.myds.me\/wordpress\/wp-content\/uploads\/2020\/11\/Evol_Secun-1.pdf\">Evol_Secun-1<\/a><a href=\"http:\/\/nas-fmg.myds.me\/wordpress\/wp-content\/uploads\/2020\/11\/Evol_Secun-1.pdf\" class=\"wp-block-file__button\" download>Download<\/a><\/div>\n\n\n\n<div class=\"wp-block-file\"><a href=\"http:\/\/nas-fmg.myds.me\/wordpress\/wp-content\/uploads\/2020\/11\/Principios_constitucionales_leyes_orga\u0301nicas.pdf\">Principios_constitucionales_leyes_orga\u0301nicas<\/a><a href=\"http:\/\/nas-fmg.myds.me\/wordpress\/wp-content\/uploads\/2020\/11\/Principios_constitucionales_leyes_orga\u0301nicas.pdf\" class=\"wp-block-file__button\" download>Download<\/a><\/div>\n","protected":false},"excerpt":{"rendered":"<p>Repaso a la historia de la evoluci\u00f3n de la educaci\u00f3n en Espa\u00f1a, desde el S.XVI al presente<\/p>\n","protected":false},"author":3,"featured_media":0,"parent":0,"menu_order":0,"comment_status":"closed","ping_status":"closed","template":"","meta":[],"_links":{"self":[{"href":"http:\/\/nas-fmg.myds.me\/wordpress\/wp-json\/wp\/v2\/pages\/1052"}],"collection":[{"href":"http:\/\/nas-fmg.myds.me\/wordpress\/wp-json\/wp\/v2\/pages"}],"about":[{"href":"http:\/\/nas-fmg.myds.me\/wordpress\/wp-json\/wp\/v2\/types\/page"}],"author":[{"embeddable":true,"href":"http:\/\/nas-fmg.myds.me\/wordpress\/wp-json\/wp\/v2\/users\/3"}],"replies":[{"embeddable":true,"href":"http:\/\/nas-fmg.myds.me\/wordpress\/wp-json\/wp\/v2\/comments?post=1052"}],"version-history":[{"count":19,"href":"http:\/\/nas-fmg.myds.me\/wordpress\/wp-json\/wp\/v2\/pages\/1052\/revisions"}],"predecessor-version":[{"id":1213,"href":"http:\/\/nas-fmg.myds.me\/wordpress\/wp-json\/wp\/v2\/pages\/1052\/revisions\/1213"}],"wp:attachment":[{"href":"http:\/\/nas-fmg.myds.me\/wordpress\/wp-json\/wp\/v2\/media?parent=1052"}],"curies":[{"name":"wp","href":"https:\/\/api.w.org\/{rel}","templated":true}]}}